{"id":1770,"date":"2022-06-08T19:42:03","date_gmt":"2022-06-08T19:42:03","guid":{"rendered":"https:\/\/stefandevelopmentchartwell.handmadeapt.com\/?page_id=1770"},"modified":"2023-04-27T05:53:20","modified_gmt":"2023-04-27T05:53:20","slug":"calendar","status":"publish","type":"page","link":"https:\/\/www.chartwell.cl\/es\/calendar\/","title":{"rendered":"Calendar"},"content":{"rendered":"\t\t<div data-elementor-type=\"wp-page\" data-elementor-id=\"1770\" class=\"elementor elementor-1770\" data-elementor-post-type=\"page\">\n\t\t\t\t\t\t<section class=\"elementor-section elementor-top-section elementor-element elementor-element-762a9c1d elementor-section-boxed elementor-section-height-default elementor-section-height-default\" data-id=\"762a9c1d\" data-element_type=\"section\" data-e-type=\"section\">\n\t\t\t\t\t\t<div class=\"elementor-container elementor-column-gap-default\">\n\t\t\t\t\t<div class=\"elementor-column elementor-col-50 elementor-top-column elementor-element elementor-element-621dd153\" data-id=\"621dd153\" data-element_type=\"column\" data-e-type=\"column\">\n\t\t\t<div class=\"elementor-widget-wrap elementor-element-populated\">\n\t\t\t\t\t\t<div class=\"elementor-element elementor-element-3d95489f elementor-widget elementor-widget-heading\" data-id=\"3d95489f\" data-element_type=\"widget\" data-e-type=\"widget\" data-widget_type=\"heading.default\">\n\t\t\t\t<div class=\"elementor-widget-container\">\n\t\t\t\t\t<h2 class=\"elementor-heading-title elementor-size-default\">\u00a1Explora nuestra variedad de actividades y conoce lo que tenemos para ofrecer!<\/h2>\t\t\t\t<\/div>\n\t\t\t\t<\/div>\n\t\t\t\t<div class=\"elementor-element elementor-element-67f2c54c elementor-widget-divider--view-line elementor-widget elementor-widget-divider\" data-id=\"67f2c54c\" data-element_type=\"widget\" data-e-type=\"widget\" data-widget_type=\"divider.default\">\n\t\t\t\t<div class=\"elementor-widget-container\">\n\t\t\t\t\t\t\t<div class=\"elementor-divider\">\n\t\t\t<span class=\"elementor-divider-separator\">\n\t\t\t\t\t\t<\/span>\n\t\t<\/div>\n\t\t\t\t\t\t<\/div>\n\t\t\t\t<\/div>\n\t\t\t\t<div class=\"elementor-element elementor-element-6b00729b elementor-widget elementor-widget-text-editor\" data-id=\"6b00729b\" data-element_type=\"widget\" data-e-type=\"widget\" data-widget_type=\"text-editor.default\">\n\t\t\t\t<div class=\"elementor-widget-container\">\n\t\t\t\t\t\t\t\t\t<p>Explora nuestras actividades y pr\u00f3ximos eventos en esta p\u00e1gina. Tambi\u00e9n puedes agregar estos eventos f\u00e1cilmente a tu calendario de Google para una coordinaci\u00f3n m\u00e1s sencilla.<\/p>\t\t\t\t\t\t\t\t<\/div>\n\t\t\t\t<\/div>\n\t\t\t\t<div class=\"elementor-element elementor-element-016353d elementor-widget elementor-widget-html\" data-id=\"016353d\" data-element_type=\"widget\" data-e-type=\"widget\" data-widget_type=\"html.default\">\n\t\t\t\t<div class=\"elementor-widget-container\">\n\t\t\t\t\t<iframe src=\"https:\/\/calendar.google.com\/calendar\/embed?src=c_0dadbd7c16a553384d38249524b5021d633ce079c0aa11e0d5dcfadff365f040%40group.calendar.google.com&ctz=America%2FSantiago\" style=\"border: 0\" width=\"800\" height=\"600\" frameborder=\"0\" scrolling=\"no\"><\/iframe>\t\t\t\t<\/div>\n\t\t\t\t<\/div>\n\t\t\t\t\t<\/div>\n\t\t<\/div>\n\t\t\t\t<div class=\"elementor-column elementor-col-50 elementor-top-column elementor-element elementor-element-54593960\" data-id=\"54593960\" data-element_type=\"column\" data-e-type=\"column\">\n\t\t\t<div class=\"elementor-widget-wrap elementor-element-populated\">\n\t\t\t\t\t\t<div class=\"elementor-element elementor-element-b8a0ba6 elementor-widget elementor-widget-template\" data-id=\"b8a0ba6\" data-element_type=\"widget\" data-e-type=\"widget\" data-widget_type=\"template.default\">\n\t\t\t\t<div class=\"elementor-widget-container\">\n\t\t\t\t\t\t\t<div class=\"elementor-template\">\n\t\t\t\t\t<div data-elementor-type=\"section\" data-elementor-id=\"2143\" class=\"elementor elementor-2143\" data-elementor-post-type=\"elementor_library\">\n\t\t\t\t\t<section class=\"elementor-section elementor-top-section elementor-element elementor-element-c827c19 elementor-section-boxed elementor-section-height-default elementor-section-height-default\" data-id=\"c827c19\" data-element_type=\"section\" data-e-type=\"section\">\n\t\t\t\t\t\t<div class=\"elementor-container elementor-column-gap-default\">\n\t\t\t\t\t<div class=\"elementor-column elementor-col-100 elementor-top-column elementor-element elementor-element-5bbfebd8\" data-id=\"5bbfebd8\" data-element_type=\"column\" data-e-type=\"column\">\n\t\t\t<div class=\"elementor-widget-wrap elementor-element-populated\">\n\t\t\t\t\t\t<div class=\"elementor-element elementor-element-2024a6f4 elementor-widget elementor-widget-heading\" data-id=\"2024a6f4\" data-element_type=\"widget\" data-e-type=\"widget\" data-widget_type=\"heading.default\">\n\t\t\t\t<div class=\"elementor-widget-container\">\n\t\t\t\t\t<h2 class=\"elementor-heading-title elementor-size-default\">\u00bfQuiere saber m\u00e1s sobre Chartwell International School?<\/h2>\t\t\t\t<\/div>\n\t\t\t\t<\/div>\n\t\t\t\t<div class=\"elementor-element elementor-element-3bf6e4b6 elementor-widget elementor-widget-text-editor\" data-id=\"3bf6e4b6\" data-element_type=\"widget\" data-e-type=\"widget\" data-widget_type=\"text-editor.default\">\n\t\t\t\t<div class=\"elementor-widget-container\">\n\t\t\t\t\t\t\t\t\t<p>\u00a1Gracias por su inter\u00e9s en la Escuela Internacional Chartwell! Estamos comprometidos en brindar una experiencia educativa de clase mundial para estudiantes de todo el mundo, y nos encantar\u00eda responder cualquier pregunta que tenga sobre nuestros programas, servicios o comunidad.<\/p><p>Para comunicarse con nosotros, no dude en llamarnos al <a href=\"tel:+56%209%209370%206365\"><span class=\"elementor-icon-list-text\">+56 9 9370 6365<\/span><\/a>\u00a0enviarnos un correo electr\u00f3nico a <a href=\"mailto:reception@chartwell.cl\">reception@chartwell.cl<\/a>, o visitarnos en nuestra direcci\u00f3n f\u00edsica. Nuestro personal amable y experto est\u00e1 disponible para ayudarlo con cualquier pregunta o inquietud que pueda tener, y nos dedicamos a brindar un excelente servicio y apoyo al cliente.<\/p><p>Gracias de nuevo por considerar a la Escuela Internacional Chartwell como el hogar educativo de su hijo\/a. Esperamos saber de usted y conocer m\u00e1s sobre c\u00f3mo podemos ayudar a que su hijo\/a prospere.<\/p>\t\t\t\t\t\t\t\t<\/div>\n\t\t\t\t<\/div>\n\t\t\t\t\t<\/div>\n\t\t<\/div>\n\t\t\t\t\t<\/div>\n\t\t<\/section>\n\t\t\t\t<\/div>\n\t\t\t\t<\/div>\n\t\t\t\t\t\t<\/div>\n\t\t\t\t<\/div>\n\t\t\t\t\t<\/div>\n\t\t<\/div>\n\t\t\t\t\t<\/div>\n\t\t<\/section>\n\t\t\t\t<\/div>\n\t\t","protected":false},"excerpt":{"rendered":"<p>\u00a1Explora nuestra variedad de actividades y conoce lo que tenemos para ofrecer! Explora nuestras actividades y pr\u00f3ximos eventos en esta p\u00e1gina. Tambi\u00e9n puedes agregar estos eventos f\u00e1cilmente a tu calendario de Google para una coordinaci\u00f3n m\u00e1s sencilla.<\/p>\n","protected":false},"author":1,"featured_media":0,"parent":0,"menu_order":0,"comment_status":"closed","ping_status":"closed","template":"elementor_header_footer","meta":{"footnotes":""},"class_list":["post-1770","page","type-page","status-publish","hentry"],"_links":{"self":[{"href":"https:\/\/www.chartwell.cl\/es\/wp-json\/wp\/v2\/pages\/1770","targetHints":{"allow":["GET"]}}],"collection":[{"href":"https:\/\/www.chartwell.cl\/es\/wp-json\/wp\/v2\/pages"}],"about":[{"href":"https:\/\/www.chartwell.cl\/es\/wp-json\/wp\/v2\/types\/page"}],"author":[{"embeddable":true,"href":"https:\/\/www.chartwell.cl\/es\/wp-json\/wp\/v2\/users\/1"}],"replies":[{"embeddable":true,"href":"https:\/\/www.chartwell.cl\/es\/wp-json\/wp\/v2\/comments?post=1770"}],"version-history":[{"count":61,"href":"https:\/\/www.chartwell.cl\/es\/wp-json\/wp\/v2\/pages\/1770\/revisions"}],"predecessor-version":[{"id":4369,"href":"https:\/\/www.chartwell.cl\/es\/wp-json\/wp\/v2\/pages\/1770\/revisions\/4369"}],"wp:attachment":[{"href":"https:\/\/www.chartwell.cl\/es\/wp-json\/wp\/v2\/media?parent=1770"}],"curies":[{"name":"wp","href":"https:\/\/api.w.org\/{rel}","templated":true}]}}