{"id":1806,"date":"2022-06-08T20:46:45","date_gmt":"2022-06-08T20:46:45","guid":{"rendered":"https:\/\/stefandevelopmentchartwell.handmadeapt.com\/?page_id=1806"},"modified":"2023-11-05T11:55:27","modified_gmt":"2023-11-05T11:55:27","slug":"work-with-us","status":"publish","type":"page","link":"https:\/\/www.chartwell.cl\/es\/work-with-us\/","title":{"rendered":"work with us"},"content":{"rendered":"\t\t<div data-elementor-type=\"wp-page\" data-elementor-id=\"1806\" class=\"elementor elementor-1806\" data-elementor-post-type=\"page\">\n\t\t\t\t\t\t<section class=\"elementor-section elementor-top-section elementor-element elementor-element-24b039fd elementor-section-boxed elementor-section-height-default elementor-section-height-default\" data-id=\"24b039fd\" data-element_type=\"section\" data-e-type=\"section\">\n\t\t\t\t\t\t<div class=\"elementor-container elementor-column-gap-default\">\n\t\t\t\t\t<div class=\"elementor-column elementor-col-100 elementor-top-column elementor-element elementor-element-6dd25dd3\" data-id=\"6dd25dd3\" data-element_type=\"column\" data-e-type=\"column\">\n\t\t\t<div class=\"elementor-widget-wrap elementor-element-populated\">\n\t\t\t\t\t\t<div class=\"elementor-element elementor-element-54755919 elementor-widget elementor-widget-heading\" data-id=\"54755919\" data-element_type=\"widget\" data-e-type=\"widget\" data-widget_type=\"heading.default\">\n\t\t\t\t<div class=\"elementor-widget-container\">\n\t\t\t\t\t<h2 class=\"elementor-heading-title elementor-size-default\">\u00a1\u00danete a nuestro equipo y haz la diferencia!<\/h2>\t\t\t\t<\/div>\n\t\t\t\t<\/div>\n\t\t\t\t<div class=\"elementor-element elementor-element-4b852660 elementor-widget-divider--view-line elementor-widget elementor-widget-divider\" data-id=\"4b852660\" data-element_type=\"widget\" data-e-type=\"widget\" data-widget_type=\"divider.default\">\n\t\t\t\t<div class=\"elementor-widget-container\">\n\t\t\t\t\t\t\t<div class=\"elementor-divider\">\n\t\t\t<span class=\"elementor-divider-separator\">\n\t\t\t\t\t\t<\/span>\n\t\t<\/div>\n\t\t\t\t\t\t<\/div>\n\t\t\t\t<\/div>\n\t\t\t\t<div class=\"elementor-element elementor-element-dc02784 elementor-widget elementor-widget-text-editor\" data-id=\"dc02784\" data-element_type=\"widget\" data-e-type=\"widget\" data-widget_type=\"text-editor.default\">\n\t\t\t\t<div class=\"elementor-widget-container\">\n\t\t\t\t\t\t\t\t\t<p><img fetchpriority=\"high\" decoding=\"async\" class=\"aligncenter wp-image-2867 size-large\" src=\"https:\/\/www.chartwell.cl\/es\/wp-content\/uploads\/2023\/05\/team-1024x478.jpeg\" alt=\"team\" width=\"800\" height=\"373\" srcset=\"https:\/\/www.chartwell.cl\/es\/wp-content\/uploads\/2023\/05\/team-1024x478.jpeg 1024w, https:\/\/www.chartwell.cl\/es\/wp-content\/uploads\/2023\/05\/team-300x140.jpeg 300w, https:\/\/www.chartwell.cl\/es\/wp-content\/uploads\/2023\/05\/team-768x359.jpeg 768w, https:\/\/www.chartwell.cl\/es\/wp-content\/uploads\/2023\/05\/team.jpeg 1280w\" sizes=\"(max-width: 800px) 100vw, 800px\" \/><\/p><p>En nuestra escuela, siempre estamos buscando personas talentosas apasionadas por la educaci\u00f3n y que quieran hacer una diferencia en la vida de los estudiantes. Creemos que nuestros maestros y personal son la clave para brindar una educaci\u00f3n excepcional y crear un ambiente de aprendizaje positivo para nuestros estudiantes.<\/p><p>Si eres una persona dedicada, innovadora y talentosa, te invitamos a unirte a nuestro equipo. Como miembro de nuestro equipo, tendr\u00e1s la oportunidad de aprovechar tu conocimiento y experiencia para crear cambios significativos en la vida de nuestros estudiantes.<\/p><p>Ofrecemos un ambiente de trabajo colaborativo y de apoyo, oportunidades de desarrollo profesional continuo y la posibilidad de trabajar con un equipo talentoso y apasionado de educadores. Creemos en invertir en nuestros maestros y personal, y estamos comprometidos a proporcionar los recursos y apoyo necesarios para ayudarte a crecer y prosperar en tu carrera.<\/p><p>Si est\u00e1s interesado en unirte a nuestro equipo, te invitamos a explorar nuestras ofertas de trabajo actuales y postularte hoy mismo. Esperamos saber m\u00e1s sobre c\u00f3mo tus habilidades y experiencia pueden ayudarnos a proporcionar la mejor educaci\u00f3n posible para nuestros estudiantes.<\/p>\t\t\t\t\t\t\t\t<\/div>\n\t\t\t\t<\/div>\n\t\t\t\t\t<\/div>\n\t\t<\/div>\n\t\t\t\t\t<\/div>\n\t\t<\/section>\n\t\t\t\t<section class=\"elementor-section elementor-top-section elementor-element elementor-element-3aea605 elementor-section-boxed elementor-section-height-default elementor-section-height-default\" data-id=\"3aea605\" data-element_type=\"section\" data-e-type=\"section\">\n\t\t\t\t\t\t<div class=\"elementor-container elementor-column-gap-default\">\n\t\t\t\t\t<div class=\"elementor-column elementor-col-50 elementor-top-column elementor-element elementor-element-b28cb16\" data-id=\"b28cb16\" data-element_type=\"column\" data-e-type=\"column\">\n\t\t\t<div class=\"elementor-widget-wrap elementor-element-populated\">\n\t\t\t\t\t\t<div class=\"elementor-element elementor-element-abc60bb elementor-button-align-end elementor-mobile-button-align-center elementor-widget elementor-widget-form\" data-id=\"abc60bb\" data-element_type=\"widget\" data-e-type=\"widget\" data-settings=\"{&quot;step_next_label&quot;:&quot;Next&quot;,&quot;step_previous_label&quot;:&quot;Previous&quot;,&quot;button_width&quot;:&quot;100&quot;,&quot;step_type&quot;:&quot;number_text&quot;,&quot;step_icon_shape&quot;:&quot;circle&quot;}\" data-widget_type=\"form.default\">\n\t\t\t\t<div class=\"elementor-widget-container\">\n\t\t\t\t\t\t\t<form class=\"elementor-form\" method=\"post\" name=\"New Form\" aria-label=\"New Form\">\n\t\t\t<input type=\"hidden\" name=\"post_id\" value=\"1806\"\/>\n\t\t\t<input type=\"hidden\" name=\"form_id\" value=\"abc60bb\"\/>\n\t\t\t<input type=\"hidden\" name=\"referer_title\" value=\"\" \/>\n\n\t\t\t\n\t\t\t<div class=\"elementor-form-fields-wrapper elementor-labels-\">\n\t\t\t\t\t\t\t\t<div class=\"elementor-field-type-text elementor-field-group elementor-column elementor-field-group-name elementor-col-100\">\n\t\t\t\t\t\t\t\t\t\t\t\t<label for=\"form-field-name\" class=\"elementor-field-label elementor-screen-only\">\n\t\t\t\t\t\t\t\tName\t\t\t\t\t\t\t<\/label>\n\t\t\t\t\t\t\t\t\t\t\t\t\t\t<input size=\"1\" type=\"text\" name=\"form_fields[name]\" id=\"form-field-name\" class=\"elementor-field elementor-size-md  elementor-field-textual\" placeholder=\"Nombre\">\n\t\t\t\t\t\t\t\t\t\t\t<\/div>\n\t\t\t\t\t\t\t\t<div class=\"elementor-field-type-email elementor-field-group elementor-column elementor-field-group-email elementor-col-100 elementor-field-required\">\n\t\t\t\t\t\t\t\t\t\t\t\t<label for=\"form-field-email\" class=\"elementor-field-label elementor-screen-only\">\n\t\t\t\t\t\t\t\tEmail\t\t\t\t\t\t\t<\/label>\n\t\t\t\t\t\t\t\t\t\t\t\t\t\t<input size=\"1\" type=\"email\" name=\"form_fields[email]\" id=\"form-field-email\" class=\"elementor-field elementor-size-md  elementor-field-textual\" placeholder=\"*Correo electr\u00f3nico\" required=\"required\">\n\t\t\t\t\t\t\t\t\t\t\t<\/div>\n\t\t\t\t\t\t\t\t<div class=\"elementor-field-type-text elementor-field-group elementor-column elementor-field-group-b26ecb6 elementor-col-100 elementor-field-required\">\n\t\t\t\t\t\t\t\t\t\t\t\t<label for=\"form-field-b26ecb6\" class=\"elementor-field-label elementor-screen-only\">\n\t\t\t\t\t\t\t\tPhone\t\t\t\t\t\t\t<\/label>\n\t\t\t\t\t\t\t\t\t\t\t\t\t\t<input size=\"1\" type=\"text\" name=\"form_fields[b26ecb6]\" id=\"form-field-b26ecb6\" class=\"elementor-field elementor-size-md  elementor-field-textual\" placeholder=\"*Tel\u00e9fono\" required=\"required\">\n\t\t\t\t\t\t\t\t\t\t\t<\/div>\n\t\t\t\t\t\t\t\t<div class=\"elementor-field-type-text elementor-field-group elementor-column elementor-field-group-894019a elementor-col-100\">\n\t\t\t\t\t\t\t\t\t\t\t\t<label for=\"form-field-894019a\" class=\"elementor-field-label elementor-screen-only\">\n\t\t\t\t\t\t\t\tSubject\t\t\t\t\t\t\t<\/label>\n\t\t\t\t\t\t\t\t\t\t\t\t\t\t<input size=\"1\" type=\"text\" name=\"form_fields[894019a]\" id=\"form-field-894019a\" class=\"elementor-field elementor-size-md  elementor-field-textual\" placeholder=\"Asunto\">\n\t\t\t\t\t\t\t\t\t\t\t<\/div>\n\t\t\t\t\t\t\t\t<div class=\"elementor-field-type-textarea elementor-field-group elementor-column elementor-field-group-message elementor-col-100\">\n\t\t\t\t\t\t\t\t\t\t\t\t<label for=\"form-field-message\" class=\"elementor-field-label elementor-screen-only\">\n\t\t\t\t\t\t\t\tMessage\t\t\t\t\t\t\t<\/label>\n\t\t\t\t\t\t<textarea class=\"elementor-field-textual elementor-field  elementor-size-md\" name=\"form_fields[message]\" id=\"form-field-message\" rows=\"4\" placeholder=\"Mensaje\"><\/textarea>\t\t\t\t<\/div>\n\t\t\t\t\t\t\t\t<div class=\"elementor-field-type-upload elementor-field-group elementor-column elementor-field-group-field_bf1816f elementor-col-100 elementor-field-required\">\n\t\t\t\t\t\t\t\t\t\t\t\t<label for=\"form-field-field_bf1816f\" class=\"elementor-field-label elementor-screen-only\">\n\t\t\t\t\t\t\t\tCV\t\t\t\t\t\t\t<\/label>\n\t\t\t\t\t\t\t\t<input type=\"file\" name=\"form_fields[field_bf1816f]\" id=\"form-field-field_bf1816f\" class=\"elementor-field elementor-size-md  elementor-upload-field\" required=\"required\" data-maxsize=\"5\" data-maxsize-message=\"This file exceeds the maximum allowed size.\">\n\n\t\t\t\t\t\t<\/div>\n\t\t\t\t\t\t\t\t<div class=\"elementor-field-type-recaptcha_v3 elementor-field-group elementor-column elementor-field-group-field_ec1a96f elementor-col-100 recaptcha_v3-bottomright\">\n\t\t\t\t\t<div class=\"elementor-field\" id=\"form-field-field_ec1a96f\"><div class=\"elementor-g-recaptcha\" data-sitekey=\"6LcW2NQmAAAAAHgu9xUGMP7dj4H9Fp1gKM0g_cm0\" data-type=\"v3\" data-action=\"Form\" data-badge=\"bottomright\" data-size=\"invisible\"><\/div><\/div>\t\t\t\t<\/div>\n\t\t\t\t\t\t\t\t<div class=\"elementor-field-group elementor-column elementor-field-type-submit elementor-col-100 e-form__buttons\">\n\t\t\t\t\t<button class=\"elementor-button elementor-size-sm\" type=\"submit\">\n\t\t\t\t\t\t<span class=\"elementor-button-content-wrapper\">\n\t\t\t\t\t\t\t\t\t\t\t\t\t\t\t\t\t\t\t\t\t\t<span class=\"elementor-button-text\">ENVIAR MENSAJE<\/span>\n\t\t\t\t\t\t\t\t\t\t\t\t\t<\/span>\n\t\t\t\t\t<\/button>\n\t\t\t\t<\/div>\n\t\t\t<\/div>\n\t\t<\/form>\n\t\t\t\t\t\t<\/div>\n\t\t\t\t<\/div>\n\t\t\t\t<div class=\"elementor-element elementor-element-49eef11 elementor-widget elementor-widget-text-editor\" data-id=\"49eef11\" data-element_type=\"widget\" data-e-type=\"widget\" data-widget_type=\"text-editor.default\">\n\t\t\t\t<div class=\"elementor-widget-container\">\n\t\t\t\t\t\t\t\t\t<p><em>*Es necesario subir un CV, el tama\u00f1o m\u00e1ximo del archivo es de 5 MB y el tipo de campo permitido es PDF.<\/em><\/p>\t\t\t\t\t\t\t\t<\/div>\n\t\t\t\t<\/div>\n\t\t\t\t\t<\/div>\n\t\t<\/div>\n\t\t\t\t<div class=\"elementor-column elementor-col-50 elementor-top-column elementor-element elementor-element-70daa7f elementor-hidden-tablet elementor-hidden-mobile\" data-id=\"70daa7f\" data-element_type=\"column\" data-e-type=\"column\" data-settings=\"{&quot;background_background&quot;:&quot;classic&quot;}\">\n\t\t\t<div class=\"elementor-widget-wrap\">\n\t\t\t\t\t\t\t<\/div>\n\t\t<\/div>\n\t\t\t\t\t<\/div>\n\t\t<\/section>\n\t\t\t\t<\/div>\n\t\t","protected":false},"excerpt":{"rendered":"<p>\u00a1\u00danete a nuestro equipo y haz la diferencia! En nuestra escuela, siempre estamos buscando personas talentosas apasionadas por la educaci\u00f3n y que quieran hacer una diferencia en la vida de los estudiantes. Creemos que nuestros maestros y personal son la clave para brindar una educaci\u00f3n excepcional y crear un ambiente de aprendizaje positivo para nuestros [&hellip;]<\/p>\n","protected":false},"author":1,"featured_media":0,"parent":0,"menu_order":0,"comment_status":"closed","ping_status":"closed","template":"","meta":{"footnotes":""},"class_list":["post-1806","page","type-page","status-publish","hentry"],"_links":{"self":[{"href":"https:\/\/www.chartwell.cl\/es\/wp-json\/wp\/v2\/pages\/1806","targetHints":{"allow":["GET"]}}],"collection":[{"href":"https:\/\/www.chartwell.cl\/es\/wp-json\/wp\/v2\/pages"}],"about":[{"href":"https:\/\/www.chartwell.cl\/es\/wp-json\/wp\/v2\/types\/page"}],"author":[{"embeddable":true,"href":"https:\/\/www.chartwell.cl\/es\/wp-json\/wp\/v2\/users\/1"}],"replies":[{"embeddable":true,"href":"https:\/\/www.chartwell.cl\/es\/wp-json\/wp\/v2\/comments?post=1806"}],"version-history":[{"count":57,"href":"https:\/\/www.chartwell.cl\/es\/wp-json\/wp\/v2\/pages\/1806\/revisions"}],"predecessor-version":[{"id":4260,"href":"https:\/\/www.chartwell.cl\/es\/wp-json\/wp\/v2\/pages\/1806\/revisions\/4260"}],"wp:attachment":[{"href":"https:\/\/www.chartwell.cl\/es\/wp-json\/wp\/v2\/media?parent=1806"}],"curies":[{"name":"wp","href":"https:\/\/api.w.org\/{rel}","templated":true}]}}