{"id":1868,"date":"2022-06-18T04:08:33","date_gmt":"2022-06-18T04:08:33","guid":{"rendered":"https:\/\/stefandevelopmentchartwell.handmadeapt.com\/?page_id=1868"},"modified":"2023-06-09T06:22:42","modified_gmt":"2023-06-09T06:22:42","slug":"our-secondary-school-curriculum","status":"publish","type":"page","link":"https:\/\/www.chartwell.cl\/es\/our-secondary-school-curriculum\/","title":{"rendered":"Our Secondary Curriculum"},"content":{"rendered":"\t\t<div data-elementor-type=\"wp-page\" data-elementor-id=\"1868\" class=\"elementor elementor-1868\" data-elementor-post-type=\"page\">\n\t\t\t\t\t\t<section class=\"elementor-section elementor-top-section elementor-element elementor-element-01b8d8c elementor-section-height-min-height elementor-section-items-bottom elementor-section-boxed elementor-section-height-default\" data-id=\"01b8d8c\" data-element_type=\"section\" data-e-type=\"section\" data-settings=\"{&quot;background_background&quot;:&quot;classic&quot;}\">\n\t\t\t\t\t\t\t<div class=\"elementor-background-overlay\"><\/div>\n\t\t\t\t\t\t\t<div class=\"elementor-container elementor-column-gap-default\">\n\t\t\t\t\t<div class=\"elementor-column elementor-col-100 elementor-top-column elementor-element elementor-element-2b13037\" data-id=\"2b13037\" data-element_type=\"column\" data-e-type=\"column\">\n\t\t\t<div class=\"elementor-widget-wrap elementor-element-populated\">\n\t\t\t\t\t\t<div class=\"elementor-element elementor-element-2337cfd elementor-widget elementor-widget-template\" data-id=\"2337cfd\" data-element_type=\"widget\" data-e-type=\"widget\" data-widget_type=\"template.default\">\n\t\t\t\t<div class=\"elementor-widget-container\">\n\t\t\t\t\t\t\t<div class=\"elementor-template\">\n\t\t\t\t\t<div data-elementor-type=\"section\" data-elementor-id=\"1883\" class=\"elementor elementor-1883\" data-elementor-post-type=\"elementor_library\">\n\t\t\t\t\t<section class=\"elementor-section elementor-top-section elementor-element elementor-element-94a4e1b elementor-section-height-min-height elementor-section-items-bottom elementor-section-boxed elementor-section-height-default\" data-id=\"94a4e1b\" data-element_type=\"section\" data-e-type=\"section\" data-settings=\"{&quot;background_background&quot;:&quot;classic&quot;}\">\n\t\t\t\t\t\t\t<div class=\"elementor-background-overlay\"><\/div>\n\t\t\t\t\t\t\t<div class=\"elementor-container elementor-column-gap-default\">\n\t\t\t\t\t<div class=\"elementor-column elementor-col-100 elementor-top-column elementor-element elementor-element-6adb9059\" data-id=\"6adb9059\" data-element_type=\"column\" data-e-type=\"column\">\n\t\t\t<div class=\"elementor-widget-wrap elementor-element-populated\">\n\t\t\t\t\t\t<div class=\"elementor-element elementor-element-36c9a058 elementor-widget elementor-widget-heading\" data-id=\"36c9a058\" data-element_type=\"widget\" data-e-type=\"widget\" data-widget_type=\"heading.default\">\n\t\t\t\t<div class=\"elementor-widget-container\">\n\t\t\t\t\t<h2 class=\"elementor-heading-title elementor-size-default\">\u00a1BIENVENIDO!<\/h2>\t\t\t\t<\/div>\n\t\t\t\t<\/div>\n\t\t\t\t<div class=\"elementor-element elementor-element-4950ec25 elementor-widget-divider--view-line elementor-widget elementor-widget-divider\" data-id=\"4950ec25\" data-element_type=\"widget\" data-e-type=\"widget\" data-widget_type=\"divider.default\">\n\t\t\t\t<div class=\"elementor-widget-container\">\n\t\t\t\t\t\t\t<div class=\"elementor-divider\">\n\t\t\t<span class=\"elementor-divider-separator\">\n\t\t\t\t\t\t<\/span>\n\t\t<\/div>\n\t\t\t\t\t\t<\/div>\n\t\t\t\t<\/div>\n\t\t\t\t<section class=\"elementor-section elementor-inner-section elementor-element elementor-element-1fa3ac99 elementor-section-boxed elementor-section-height-default elementor-section-height-default\" data-id=\"1fa3ac99\" data-element_type=\"section\" data-e-type=\"section\">\n\t\t\t\t\t\t\t<div class=\"elementor-background-overlay\"><\/div>\n\t\t\t\t\t\t\t<div class=\"elementor-container elementor-column-gap-default\">\n\t\t\t\t\t<div class=\"elementor-column elementor-col-100 elementor-inner-column elementor-element elementor-element-258f06c\" data-id=\"258f06c\" data-element_type=\"column\" data-e-type=\"column\">\n\t\t\t<div class=\"elementor-widget-wrap elementor-element-populated\">\n\t\t\t\t\t\t<div class=\"elementor-element elementor-element-4db7e86f elementor-nav-menu__align-center elementor-nav-menu--stretch elementor-nav-menu__text-align-center elementor-nav-menu--dropdown-tablet elementor-nav-menu--toggle elementor-nav-menu--burger elementor-widget elementor-widget-nav-menu\" data-id=\"4db7e86f\" data-element_type=\"widget\" data-e-type=\"widget\" data-settings=\"{&quot;full_width&quot;:&quot;stretch&quot;,&quot;layout&quot;:&quot;horizontal&quot;,&quot;submenu_icon&quot;:{&quot;value&quot;:&quot;&lt;i class=\\&quot;fas fa-caret-down\\&quot; aria-hidden=\\&quot;true\\&quot;&gt;&lt;\\\/i&gt;&quot;,&quot;library&quot;:&quot;fa-solid&quot;},&quot;toggle&quot;:&quot;burger&quot;}\" data-widget_type=\"nav-menu.default\">\n\t\t\t\t<div class=\"elementor-widget-container\">\n\t\t\t\t\t\t\t\t<nav aria-label=\"Menu\" class=\"elementor-nav-menu--main elementor-nav-menu__container elementor-nav-menu--layout-horizontal e--pointer-underline e--animation-fade\">\n\t\t\t\t<ul id=\"menu-1-4db7e86f\" class=\"elementor-nav-menu\"><li class=\"menu-item menu-item-type-post_type menu-item-object-page menu-item-1881\"><a href=\"https:\/\/www.chartwell.cl\/es\/about-secondary-school\/\" class=\"elementor-item\">Sobre la escuela secundaria<\/a><\/li>\n<li class=\"menu-item menu-item-type-post_type menu-item-object-page menu-item-1882\"><a href=\"https:\/\/www.chartwell.cl\/es\/our-secondary-school-curriculum\/\" class=\"elementor-item\">Curr\u00edculo de la escuela secundaria<\/a><\/li>\n<li class=\"menu-item menu-item-type-post_type menu-item-object-page menu-item-2076\"><a href=\"https:\/\/www.chartwell.cl\/es\/secondary-assessment\/\" class=\"elementor-item\">Evaluaci\u00f3n de la escuela secundaria<\/a><\/li>\n<li class=\"menu-item menu-item-type-post_type menu-item-object-page menu-item-1880\"><a href=\"https:\/\/www.chartwell.cl\/es\/student-life\/\" class=\"elementor-item\">Vida estudiantil<\/a><\/li>\n<li class=\"menu-item menu-item-type-post_type menu-item-object-page menu-item-3424\"><a href=\"https:\/\/www.chartwell.cl\/es\/afterschool\/\" class=\"elementor-item\">Afterschool<\/a><\/li>\n<li class=\"menu-item menu-item-type-post_type menu-item-object-page menu-item-1879\"><a href=\"https:\/\/www.chartwell.cl\/es\/calendar\/\" class=\"elementor-item\">Calendario<\/a><\/li>\n<\/ul>\t\t\t<\/nav>\n\t\t\t\t\t<div class=\"elementor-menu-toggle\" role=\"button\" tabindex=\"0\" aria-label=\"Menu Toggle\" aria-expanded=\"false\">\n\t\t\t<i aria-hidden=\"true\" role=\"presentation\" class=\"elementor-menu-toggle__icon--open eicon-menu-bar\"><\/i><i aria-hidden=\"true\" role=\"presentation\" class=\"elementor-menu-toggle__icon--close eicon-close\"><\/i>\t\t<\/div>\n\t\t\t\t\t<nav class=\"elementor-nav-menu--dropdown elementor-nav-menu__container\" aria-hidden=\"true\">\n\t\t\t\t<ul id=\"menu-2-4db7e86f\" class=\"elementor-nav-menu\"><li class=\"menu-item menu-item-type-post_type menu-item-object-page menu-item-1881\"><a href=\"https:\/\/www.chartwell.cl\/es\/about-secondary-school\/\" class=\"elementor-item\" tabindex=\"-1\">Sobre la escuela secundaria<\/a><\/li>\n<li class=\"menu-item menu-item-type-post_type menu-item-object-page menu-item-1882\"><a href=\"https:\/\/www.chartwell.cl\/es\/our-secondary-school-curriculum\/\" class=\"elementor-item\" tabindex=\"-1\">Curr\u00edculo de la escuela secundaria<\/a><\/li>\n<li class=\"menu-item menu-item-type-post_type menu-item-object-page menu-item-2076\"><a href=\"https:\/\/www.chartwell.cl\/es\/secondary-assessment\/\" class=\"elementor-item\" tabindex=\"-1\">Evaluaci\u00f3n de la escuela secundaria<\/a><\/li>\n<li class=\"menu-item menu-item-type-post_type menu-item-object-page menu-item-1880\"><a href=\"https:\/\/www.chartwell.cl\/es\/student-life\/\" class=\"elementor-item\" tabindex=\"-1\">Vida estudiantil<\/a><\/li>\n<li class=\"menu-item menu-item-type-post_type menu-item-object-page menu-item-3424\"><a href=\"https:\/\/www.chartwell.cl\/es\/afterschool\/\" class=\"elementor-item\" tabindex=\"-1\">Afterschool<\/a><\/li>\n<li class=\"menu-item menu-item-type-post_type menu-item-object-page menu-item-1879\"><a href=\"https:\/\/www.chartwell.cl\/es\/calendar\/\" class=\"elementor-item\" tabindex=\"-1\">Calendario<\/a><\/li>\n<\/ul>\t\t\t<\/nav>\n\t\t\t\t\t\t<\/div>\n\t\t\t\t<\/div>\n\t\t\t\t\t<\/div>\n\t\t<\/div>\n\t\t\t\t\t<\/div>\n\t\t<\/section>\n\t\t\t\t\t<\/div>\n\t\t<\/div>\n\t\t\t\t\t<\/div>\n\t\t<\/section>\n\t\t\t\t<\/div>\n\t\t\t\t<\/div>\n\t\t\t\t\t\t<\/div>\n\t\t\t\t<\/div>\n\t\t\t\t\t<\/div>\n\t\t<\/div>\n\t\t\t\t\t<\/div>\n\t\t<\/section>\n\t\t\t\t<section class=\"elementor-section elementor-top-section elementor-element elementor-element-6b75330 elementor-section-boxed elementor-section-height-default elementor-section-height-default\" data-id=\"6b75330\" data-element_type=\"section\" data-e-type=\"section\">\n\t\t\t\t\t\t<div class=\"elementor-container elementor-column-gap-default\">\n\t\t\t\t\t<div class=\"elementor-column elementor-col-50 elementor-top-column elementor-element elementor-element-6ee07ec6\" data-id=\"6ee07ec6\" data-element_type=\"column\" data-e-type=\"column\">\n\t\t\t<div class=\"elementor-widget-wrap elementor-element-populated\">\n\t\t\t\t\t\t<div class=\"elementor-element elementor-element-49d6e0c2 elementor-widget elementor-widget-heading\" data-id=\"49d6e0c2\" data-element_type=\"widget\" data-e-type=\"widget\" data-widget_type=\"heading.default\">\n\t\t\t\t<div class=\"elementor-widget-container\">\n\t\t\t\t\t<h2 class=\"elementor-heading-title elementor-size-default\">Curr\u00edculo de la escuela secundaria<\/h2>\t\t\t\t<\/div>\n\t\t\t\t<\/div>\n\t\t\t\t<div class=\"elementor-element elementor-element-e0de6df elementor-widget-divider--view-line elementor-widget elementor-widget-divider\" data-id=\"e0de6df\" data-element_type=\"widget\" data-e-type=\"widget\" data-widget_type=\"divider.default\">\n\t\t\t\t<div class=\"elementor-widget-container\">\n\t\t\t\t\t\t\t<div class=\"elementor-divider\">\n\t\t\t<span class=\"elementor-divider-separator\">\n\t\t\t\t\t\t<\/span>\n\t\t<\/div>\n\t\t\t\t\t\t<\/div>\n\t\t\t\t<\/div>\n\t\t\t\t<div class=\"elementor-element elementor-element-653ade0a elementor-widget elementor-widget-text-editor\" data-id=\"653ade0a\" data-element_type=\"widget\" data-e-type=\"widget\" id=\"secondary-school\" data-widget_type=\"text-editor.default\">\n\t\t\t\t<div class=\"elementor-widget-container\">\n\t\t\t\t\t\t\t\t\t<p>Mud\u00e1ndose a la Escuela Secundaria:<\/p><p>Una Gu\u00eda para los Estudiantes de A\u00f1o 7<br \/>El A\u00f1o 7 es un momento emocionante para nuestros estudiantes, ya que hacen la transici\u00f3n de la Escuela Primaria a la Escuela Secundaria. Nuestra Escuela Secundaria se organiza en varias etapas clave, cada una con su propio enfoque \u00fanico.<\/p><p>La Etapa Clave 3 cubre a los alumnos de 11 a 14 a\u00f1os (A\u00f1os 7-9) y est\u00e1 dise\u00f1ada para proporcionar un plan de estudios amplio y equilibrado que prepare a los estudiantes para sus futuros estudios. Durante este tiempo, los estudiantes tendr\u00e1n la oportunidad de explorar una variedad de materias, desarrollar sus habilidades de pensamiento cr\u00edtico y resoluci\u00f3n de problemas, y comenzar a desarrollar sus intereses y pasiones.<\/p><p>La Etapa Clave 4 cubre a los alumnos de 14 a 16 a\u00f1os (A\u00f1os 10 y 11) y se centra en preparar a los estudiantes para sus ex\u00e1menes de GCSE. Durante este tiempo, los estudiantes seguir\u00e1n construyendo sobre la base que establecieron durante la Etapa Clave 3, profundizando en su conocimiento y habilidades en \u00e1reas tem\u00e1ticas clave.<\/p><p>Para los estudiantes de 16 a 18 a\u00f1os (A\u00f1os 12 y 13), ofrecemos los niveles AS y A, que proporcionan un estudio m\u00e1s especializado y en profundidad de \u00e1reas tem\u00e1ticas espec\u00edficas. Nuestro objetivo es ayudar a los estudiantes a desarrollar las habilidades y conocimientos que necesitan para tener \u00e9xito en sus carreras elegidas o en su educaci\u00f3n futura.<\/p><p>En cada etapa de nuestra Escuela Secundaria, estamos comprometidos a proporcionar un ambiente de apoyo y desafiante que anime a nuestros estudiantes a alcanzar su m\u00e1ximo potencial. Creemos que trabajando juntos, podemos ayudar a nuestros estudiantes a desarrollar las habilidades y cualidades que necesitan para tener \u00e9xito en la vida.<\/p><p><img fetchpriority=\"high\" decoding=\"async\" class=\"aligncenter wp-image-1943 size-full\" src=\"http:\/\/stefandevelopmentchartwell.handmadeapt.com\/wp-content\/uploads\/2022\/06\/secondary.jpeg\" alt=\"secondary\" width=\"979\" height=\"388\" srcset=\"https:\/\/www.chartwell.cl\/es\/wp-content\/uploads\/2022\/06\/secondary.jpeg 979w, https:\/\/www.chartwell.cl\/es\/wp-content\/uploads\/2022\/06\/secondary-300x119.jpeg 300w, https:\/\/www.chartwell.cl\/es\/wp-content\/uploads\/2022\/06\/secondary-768x304.jpeg 768w\" sizes=\"(max-width: 979px) 100vw, 979px\" \/><\/p><p>Key Stage 3 y m\u00e1s all\u00e1: Un camino hacia el \u00e9xito<\/p><p>En nuestra escuela secundaria, nos comprometemos a proporcionar a nuestros estudiantes un plan de estudios amplio y desafiante que les ayude a desarrollar sus habilidades e intereses. En Key Stage 3, los estudiantes siguen un curso que cubre una amplia gama de materias, dise\u00f1ado para estirar y desafiar a cada individuo. Utilizamos una variedad de estilos de ense\u00f1anza para satisfacer las diferentes demandas de cada materia, con \u00e9nfasis en la resoluci\u00f3n de problemas, el trabajo en equipo y el estudio independiente.<\/p><p>Todos los estudiantes estudian las siguientes materias en Key Stage 3: Lengua inglesa, Literatura inglesa, Matem\u00e1ticas, Ciencias, Historia, Geograf\u00eda, Franc\u00e9s, Espa\u00f1ol (como primer o segundo idioma), Educaci\u00f3n f\u00edsica, M\u00fasica, Arte e Inform\u00e1tica. Adem\u00e1s, los estudiantes pueden elegir estudiar un idioma extranjero adicional (chino, alem\u00e1n, espa\u00f1ol, portugu\u00e9s, italiano) o tener lecciones de m\u00fasica adicionales.<\/p><p>Hacia el final del a\u00f1o 9, los estudiantes seleccionan las materias para sus cursos de ex\u00e1menes de IGCSE para los pr\u00f3ximos dos a\u00f1os. Este proceso se basa en una amplia gama de orientaci\u00f3n y consejos, y se realiza en estrecha consulta con los padres y el personal.<\/p><p>Los a\u00f1os 10 y 11 forman los dos \u00faltimos a\u00f1os de escolaridad obligatoria, durante los cuales la mayor\u00eda de los estudiantes seguir\u00e1n cursos de IGCSE en 8 o 9 materias. Estas materias son seleccionadas por los estudiantes en estrecha consulta con los padres y el personal. Se anima a los estudiantes a mantener un plan de estudios amplio y equilibrado mediante la construcci\u00f3n de un n\u00facleo de materias que incluye Lengua Inglesa, Literatura Inglesa, Matem\u00e1ticas, Ciencias Combinadas, Geograf\u00eda, Historia, Tecnolog\u00edas de la Informaci\u00f3n y la Comunicaci\u00f3n, Lengua Extranjera Moderna, Estudios de Negocios, Sociolog\u00eda, Drama y M\u00fasica.<\/p><p>En nuestra escuela, damos un alto valor a la salud f\u00edsica de nuestros estudiantes, as\u00ed como a su desarrollo acad\u00e9mico. Nuestro objetivo es proporcionar a todos los estudiantes al menos una hora de educaci\u00f3n f\u00edsica por semana.<\/p><p>En los a\u00f1os 12 y 13, ofrecemos cursos de nivel avanzado\/AS, que son calificaciones de referencia internacional que brindan una excelente preparaci\u00f3n para la educaci\u00f3n universitaria. Estos cursos forman parte de la etapa avanzada de Cambridge, y para obtener m\u00e1s orientaci\u00f3n sobre el programa de Cambridge, visite <a href=\"http:\/\/www.cie.org.uk\/\" target=\"_blank\" rel=\"noopener\">www.cie.org.uk<\/a>. Nuestro objetivo es preparar a nuestros estudiantes para el \u00e9xito en sus futuros estudios y carreras, y ayudarlos a convertirse en ciudadanos comprometidos y responsables del mundo.<br \/><br \/><\/p>\t\t\t\t\t\t\t\t<\/div>\n\t\t\t\t<\/div>\n\t\t\t\t<div class=\"elementor-element elementor-element-dc62b6a elementor-align-left elementor-widget elementor-widget-button\" data-id=\"dc62b6a\" data-element_type=\"widget\" data-e-type=\"widget\" data-widget_type=\"button.default\">\n\t\t\t\t<div class=\"elementor-widget-container\">\n\t\t\t\t\t\t\t\t\t<div class=\"elementor-button-wrapper\">\n\t\t\t\t\t<a class=\"elementor-button elementor-button-link elementor-size-lg\" href=\"https:\/\/www.chartwell.cl\/es\/secondary-assessment\/\">\n\t\t\t\t\t\t<span class=\"elementor-button-content-wrapper\">\n\t\t\t\t\t\t\t\t\t<span class=\"elementor-button-text\">Evaluaci\u00f3n de la Escuela Secundaria<\/span>\n\t\t\t\t\t<\/span>\n\t\t\t\t\t<\/a>\n\t\t\t\t<\/div>\n\t\t\t\t\t\t\t\t<\/div>\n\t\t\t\t<\/div>\n\t\t\t\t\t<\/div>\n\t\t<\/div>\n\t\t\t\t<div class=\"elementor-column elementor-col-50 elementor-top-column elementor-element elementor-element-4d94949d\" data-id=\"4d94949d\" data-element_type=\"column\" data-e-type=\"column\">\n\t\t\t<div class=\"elementor-widget-wrap elementor-element-populated\">\n\t\t\t\t\t\t<div class=\"elementor-element elementor-element-90fdca2 elementor-widget elementor-widget-template\" data-id=\"90fdca2\" data-element_type=\"widget\" data-e-type=\"widget\" data-widget_type=\"template.default\">\n\t\t\t\t<div class=\"elementor-widget-container\">\n\t\t\t\t\t\t\t<div class=\"elementor-template\">\n\t\t\t\t\t<div data-elementor-type=\"section\" data-elementor-id=\"2143\" class=\"elementor elementor-2143\" data-elementor-post-type=\"elementor_library\">\n\t\t\t\t\t<section class=\"elementor-section elementor-top-section elementor-element elementor-element-c827c19 elementor-section-boxed elementor-section-height-default elementor-section-height-default\" data-id=\"c827c19\" data-element_type=\"section\" data-e-type=\"section\">\n\t\t\t\t\t\t<div class=\"elementor-container elementor-column-gap-default\">\n\t\t\t\t\t<div class=\"elementor-column elementor-col-100 elementor-top-column elementor-element elementor-element-5bbfebd8\" data-id=\"5bbfebd8\" data-element_type=\"column\" data-e-type=\"column\">\n\t\t\t<div class=\"elementor-widget-wrap elementor-element-populated\">\n\t\t\t\t\t\t<div class=\"elementor-element elementor-element-2024a6f4 elementor-widget elementor-widget-heading\" data-id=\"2024a6f4\" data-element_type=\"widget\" data-e-type=\"widget\" data-widget_type=\"heading.default\">\n\t\t\t\t<div class=\"elementor-widget-container\">\n\t\t\t\t\t<h2 class=\"elementor-heading-title elementor-size-default\">\u00bfQuiere saber m\u00e1s sobre Chartwell International School?<\/h2>\t\t\t\t<\/div>\n\t\t\t\t<\/div>\n\t\t\t\t<div class=\"elementor-element elementor-element-3bf6e4b6 elementor-widget elementor-widget-text-editor\" data-id=\"3bf6e4b6\" data-element_type=\"widget\" data-e-type=\"widget\" data-widget_type=\"text-editor.default\">\n\t\t\t\t<div class=\"elementor-widget-container\">\n\t\t\t\t\t\t\t\t\t<p>\u00a1Gracias por su inter\u00e9s en la Escuela Internacional Chartwell! Estamos comprometidos en brindar una experiencia educativa de clase mundial para estudiantes de todo el mundo, y nos encantar\u00eda responder cualquier pregunta que tenga sobre nuestros programas, servicios o comunidad.<\/p><p>Para comunicarse con nosotros, no dude en llamarnos al <a href=\"tel:+56%209%209370%206365\"><span class=\"elementor-icon-list-text\">+56 9 9370 6365<\/span><\/a>\u00a0enviarnos un correo electr\u00f3nico a <a href=\"mailto:reception@chartwell.cl\">reception@chartwell.cl<\/a>, o visitarnos en nuestra direcci\u00f3n f\u00edsica. Nuestro personal amable y experto est\u00e1 disponible para ayudarlo con cualquier pregunta o inquietud que pueda tener, y nos dedicamos a brindar un excelente servicio y apoyo al cliente.<\/p><p>Gracias de nuevo por considerar a la Escuela Internacional Chartwell como el hogar educativo de su hijo\/a. Esperamos saber de usted y conocer m\u00e1s sobre c\u00f3mo podemos ayudar a que su hijo\/a prospere.<\/p>\t\t\t\t\t\t\t\t<\/div>\n\t\t\t\t<\/div>\n\t\t\t\t\t<\/div>\n\t\t<\/div>\n\t\t\t\t\t<\/div>\n\t\t<\/section>\n\t\t\t\t<\/div>\n\t\t\t\t<\/div>\n\t\t\t\t\t\t<\/div>\n\t\t\t\t<\/div>\n\t\t\t\t\t<\/div>\n\t\t<\/div>\n\t\t\t\t\t<\/div>\n\t\t<\/section>\n\t\t\t\t<\/div>\n\t\t","protected":false},"excerpt":{"rendered":"<p>Curr\u00edculo de la escuela secundaria Mud\u00e1ndose a la Escuela Secundaria: Una Gu\u00eda para los Estudiantes de A\u00f1o 7El A\u00f1o 7 es un momento emocionante para nuestros estudiantes, ya que hacen la transici\u00f3n de la Escuela Primaria a la Escuela Secundaria. Nuestra Escuela Secundaria se organiza en varias etapas clave, cada una con su propio enfoque [&hellip;]<\/p>\n","protected":false},"author":1,"featured_media":0,"parent":0,"menu_order":0,"comment_status":"closed","ping_status":"closed","template":"","meta":{"footnotes":""},"class_list":["post-1868","page","type-page","status-publish","hentry"],"_links":{"self":[{"href":"https:\/\/www.chartwell.cl\/es\/wp-json\/wp\/v2\/pages\/1868","targetHints":{"allow":["GET"]}}],"collection":[{"href":"https:\/\/www.chartwell.cl\/es\/wp-json\/wp\/v2\/pages"}],"about":[{"href":"https:\/\/www.chartwell.cl\/es\/wp-json\/wp\/v2\/types\/page"}],"author":[{"embeddable":true,"href":"https:\/\/www.chartwell.cl\/es\/wp-json\/wp\/v2\/users\/1"}],"replies":[{"embeddable":true,"href":"https:\/\/www.chartwell.cl\/es\/wp-json\/wp\/v2\/comments?post=1868"}],"version-history":[{"count":47,"href":"https:\/\/www.chartwell.cl\/es\/wp-json\/wp\/v2\/pages\/1868\/revisions"}],"predecessor-version":[{"id":3532,"href":"https:\/\/www.chartwell.cl\/es\/wp-json\/wp\/v2\/pages\/1868\/revisions\/3532"}],"wp:attachment":[{"href":"https:\/\/www.chartwell.cl\/es\/wp-json\/wp\/v2\/media?parent=1868"}],"curies":[{"name":"wp","href":"https:\/\/api.w.org\/{rel}","templated":true}]}}