{"id":19,"date":"2021-01-16T22:41:16","date_gmt":"2021-01-16T22:41:16","guid":{"rendered":"http:\/\/chartwelldev.local\/?page_id=19"},"modified":"2023-06-27T15:51:25","modified_gmt":"2023-06-27T15:51:25","slug":"about-preschool","status":"publish","type":"page","link":"https:\/\/www.chartwell.cl\/es\/about-preschool\/","title":{"rendered":"About Preschool"},"content":{"rendered":"\t\t<div data-elementor-type=\"wp-page\" data-elementor-id=\"19\" class=\"elementor elementor-19\" data-elementor-post-type=\"page\">\n\t\t\t\t\t\t<section class=\"elementor-section elementor-top-section elementor-element elementor-element-d180883 elementor-section-height-min-height elementor-section-items-bottom elementor-section-boxed elementor-section-height-default\" data-id=\"d180883\" data-element_type=\"section\" data-e-type=\"section\" data-settings=\"{&quot;background_background&quot;:&quot;classic&quot;}\">\n\t\t\t\t\t\t\t<div class=\"elementor-background-overlay\"><\/div>\n\t\t\t\t\t\t\t<div class=\"elementor-container elementor-column-gap-default\">\n\t\t\t\t\t<div class=\"elementor-column elementor-col-100 elementor-top-column elementor-element elementor-element-0d801d4\" data-id=\"0d801d4\" data-element_type=\"column\" data-e-type=\"column\">\n\t\t\t<div class=\"elementor-widget-wrap elementor-element-populated\">\n\t\t\t\t\t\t<div class=\"elementor-element elementor-element-c98c339 elementor-widget elementor-widget-heading\" data-id=\"c98c339\" data-element_type=\"widget\" data-e-type=\"widget\" data-widget_type=\"heading.default\">\n\t\t\t\t<div class=\"elementor-widget-container\">\n\t\t\t\t\t<h2 class=\"elementor-heading-title elementor-size-default\">\u00a1BIENVENIDO!<\/h2>\t\t\t\t<\/div>\n\t\t\t\t<\/div>\n\t\t\t\t<div class=\"elementor-element elementor-element-2162f0f elementor-widget-divider--view-line elementor-widget elementor-widget-divider\" data-id=\"2162f0f\" data-element_type=\"widget\" data-e-type=\"widget\" data-widget_type=\"divider.default\">\n\t\t\t\t<div class=\"elementor-widget-container\">\n\t\t\t\t\t\t\t<div class=\"elementor-divider\">\n\t\t\t<span class=\"elementor-divider-separator\">\n\t\t\t\t\t\t<\/span>\n\t\t<\/div>\n\t\t\t\t\t\t<\/div>\n\t\t\t\t<\/div>\n\t\t\t\t<section class=\"elementor-section elementor-inner-section elementor-element elementor-element-f3cddee elementor-section-boxed elementor-section-height-default elementor-section-height-default\" data-id=\"f3cddee\" data-element_type=\"section\" data-e-type=\"section\">\n\t\t\t\t\t\t\t<div class=\"elementor-background-overlay\"><\/div>\n\t\t\t\t\t\t\t<div class=\"elementor-container elementor-column-gap-default\">\n\t\t\t\t\t<div class=\"elementor-column elementor-col-100 elementor-inner-column elementor-element elementor-element-aec220b\" data-id=\"aec220b\" data-element_type=\"column\" data-e-type=\"column\">\n\t\t\t<div class=\"elementor-widget-wrap elementor-element-populated\">\n\t\t\t\t\t\t<div class=\"elementor-element elementor-element-6d3c17a elementor-nav-menu__align-center elementor-nav-menu--stretch elementor-nav-menu__text-align-center elementor-nav-menu--dropdown-tablet elementor-nav-menu--toggle elementor-nav-menu--burger elementor-widget elementor-widget-nav-menu\" data-id=\"6d3c17a\" data-element_type=\"widget\" data-e-type=\"widget\" data-settings=\"{&quot;full_width&quot;:&quot;stretch&quot;,&quot;submenu_icon&quot;:{&quot;value&quot;:&quot;&lt;i class=\\&quot;\\&quot; aria-hidden=\\&quot;true\\&quot;&gt;&lt;\\\/i&gt;&quot;,&quot;library&quot;:&quot;&quot;},&quot;layout&quot;:&quot;horizontal&quot;,&quot;toggle&quot;:&quot;burger&quot;}\" data-widget_type=\"nav-menu.default\">\n\t\t\t\t<div class=\"elementor-widget-container\">\n\t\t\t\t\t\t\t\t<nav aria-label=\"Menu\" class=\"elementor-nav-menu--main elementor-nav-menu__container elementor-nav-menu--layout-horizontal e--pointer-underline e--animation-fade\">\n\t\t\t\t<ul id=\"menu-1-6d3c17a\" class=\"elementor-nav-menu\"><li class=\"menu-item menu-item-type-post_type menu-item-object-page menu-item-330\"><a href=\"https:\/\/www.chartwell.cl\/es\/about-preschool\/\" class=\"elementor-item\">Acerca de Preescolar<\/a><\/li>\n<li class=\"menu-item menu-item-type-post_type menu-item-object-page menu-item-331\"><a href=\"https:\/\/www.chartwell.cl\/es\/our-preschool-curriculum-the-learning-journey\/\" class=\"elementor-item\">Plan de Estudios de Primeros A\u00f1os<\/a><\/li>\n<li class=\"menu-item menu-item-type-post_type menu-item-object-page menu-item-332\"><a href=\"https:\/\/www.chartwell.cl\/es\/preschool-assessment\/\" class=\"elementor-item\">Evaluaci\u00f3n de Preescolar<\/a><\/li>\n<li class=\"menu-item menu-item-type-post_type menu-item-object-page menu-item-1875\"><a href=\"https:\/\/www.chartwell.cl\/es\/student-life\/\" class=\"elementor-item\">Vida Estudiantil<\/a><\/li>\n<li class=\"menu-item menu-item-type-post_type menu-item-object-page menu-item-2887\"><a href=\"https:\/\/www.chartwell.cl\/es\/afterschool\/\" class=\"elementor-item\">Afterschool<\/a><\/li>\n<li class=\"menu-item menu-item-type-post_type menu-item-object-page menu-item-1876\"><a href=\"https:\/\/www.chartwell.cl\/es\/calendar\/\" class=\"elementor-item\">Calendario<\/a><\/li>\n<\/ul>\t\t\t<\/nav>\n\t\t\t\t\t<div class=\"elementor-menu-toggle\" role=\"button\" tabindex=\"0\" aria-label=\"Menu Toggle\" aria-expanded=\"false\">\n\t\t\t<i aria-hidden=\"true\" role=\"presentation\" class=\"elementor-menu-toggle__icon--open eicon-menu-bar\"><\/i><i aria-hidden=\"true\" role=\"presentation\" class=\"elementor-menu-toggle__icon--close eicon-close\"><\/i>\t\t<\/div>\n\t\t\t\t\t<nav class=\"elementor-nav-menu--dropdown elementor-nav-menu__container\" aria-hidden=\"true\">\n\t\t\t\t<ul id=\"menu-2-6d3c17a\" class=\"elementor-nav-menu\"><li class=\"menu-item menu-item-type-post_type menu-item-object-page menu-item-330\"><a href=\"https:\/\/www.chartwell.cl\/es\/about-preschool\/\" class=\"elementor-item\" tabindex=\"-1\">Acerca de Preescolar<\/a><\/li>\n<li class=\"menu-item menu-item-type-post_type menu-item-object-page menu-item-331\"><a href=\"https:\/\/www.chartwell.cl\/es\/our-preschool-curriculum-the-learning-journey\/\" class=\"elementor-item\" tabindex=\"-1\">Plan de Estudios de Primeros A\u00f1os<\/a><\/li>\n<li class=\"menu-item menu-item-type-post_type menu-item-object-page menu-item-332\"><a href=\"https:\/\/www.chartwell.cl\/es\/preschool-assessment\/\" class=\"elementor-item\" tabindex=\"-1\">Evaluaci\u00f3n de Preescolar<\/a><\/li>\n<li class=\"menu-item menu-item-type-post_type menu-item-object-page menu-item-1875\"><a href=\"https:\/\/www.chartwell.cl\/es\/student-life\/\" class=\"elementor-item\" tabindex=\"-1\">Vida Estudiantil<\/a><\/li>\n<li class=\"menu-item menu-item-type-post_type menu-item-object-page menu-item-2887\"><a href=\"https:\/\/www.chartwell.cl\/es\/afterschool\/\" class=\"elementor-item\" tabindex=\"-1\">Afterschool<\/a><\/li>\n<li class=\"menu-item menu-item-type-post_type menu-item-object-page menu-item-1876\"><a href=\"https:\/\/www.chartwell.cl\/es\/calendar\/\" class=\"elementor-item\" tabindex=\"-1\">Calendario<\/a><\/li>\n<\/ul>\t\t\t<\/nav>\n\t\t\t\t\t\t<\/div>\n\t\t\t\t<\/div>\n\t\t\t\t\t<\/div>\n\t\t<\/div>\n\t\t\t\t\t<\/div>\n\t\t<\/section>\n\t\t\t\t\t<\/div>\n\t\t<\/div>\n\t\t\t\t\t<\/div>\n\t\t<\/section>\n\t\t\t\t<section class=\"elementor-section elementor-top-section elementor-element elementor-element-f38ccf9 elementor-section-boxed elementor-section-height-default elementor-section-height-default\" data-id=\"f38ccf9\" data-element_type=\"section\" data-e-type=\"section\">\n\t\t\t\t\t\t<div class=\"elementor-container elementor-column-gap-default\">\n\t\t\t\t\t<div class=\"elementor-column elementor-col-50 elementor-top-column elementor-element elementor-element-f09ada6\" data-id=\"f09ada6\" data-element_type=\"column\" data-e-type=\"column\">\n\t\t\t<div class=\"elementor-widget-wrap elementor-element-populated\">\n\t\t\t\t\t\t<div class=\"elementor-element elementor-element-36f47a8 elementor-widget elementor-widget-heading\" data-id=\"36f47a8\" data-element_type=\"widget\" data-e-type=\"widget\" data-widget_type=\"heading.default\">\n\t\t\t\t<div class=\"elementor-widget-container\">\n\t\t\t\t\t<h2 class=\"elementor-heading-title elementor-size-default\">\u00a1Bienvenidos al Preescolar Chartwell!<\/h2>\t\t\t\t<\/div>\n\t\t\t\t<\/div>\n\t\t\t\t<div class=\"elementor-element elementor-element-ef95c6c elementor-widget-divider--view-line elementor-widget elementor-widget-divider\" data-id=\"ef95c6c\" data-element_type=\"widget\" data-e-type=\"widget\" data-widget_type=\"divider.default\">\n\t\t\t\t<div class=\"elementor-widget-container\">\n\t\t\t\t\t\t\t<div class=\"elementor-divider\">\n\t\t\t<span class=\"elementor-divider-separator\">\n\t\t\t\t\t\t<\/span>\n\t\t<\/div>\n\t\t\t\t\t\t<\/div>\n\t\t\t\t<\/div>\n\t\t\t\t<div class=\"elementor-element elementor-element-1161157 elementor-widget elementor-widget-text-editor\" data-id=\"1161157\" data-element_type=\"widget\" data-e-type=\"widget\" data-widget_type=\"text-editor.default\">\n\t\t\t\t<div class=\"elementor-widget-container\">\n\t\t\t\t\t\t\t\t\t<p>\u00a1Bienvenidos al Preescolar Chartwell! Como parte de la Escuela Internacional Chartwell, nos comprometemos a ofrecer un ambiente educativo seguro, cari\u00f1oso y atractivo para nuestros alumnos m\u00e1s j\u00f3venes. Nuestros experimentados maestros y personal trabajan incansablemente para crear un ambiente c\u00e1lido y acogedor donde su hijo\/a pueda crecer, aprender y jugar.<\/p><p>En el Preescolar Chartwell, seguimos el Marco de Referencia de la Primera Infancia (EYFS, por sus siglas en ingl\u00e9s) seg\u00fan lo definido en el curr\u00edculo nacional ingl\u00e9s. Este curr\u00edculo innovador y basado en la investigaci\u00f3n enfatiza un enfoque hol\u00edstico del aprendizaje, centr\u00e1ndose en siete \u00e1reas clave de desarrollo: comunicaci\u00f3n y lenguaje, desarrollo f\u00edsico, desarrollo personal, social y emocional, alfabetizaci\u00f3n, matem\u00e1ticas, comprensi\u00f3n del mundo y artes expresivas y dise\u00f1o. A trav\u00e9s de actividades pr\u00e1cticas e interactivas, nuestros estudiantes desarrollan un amor por el aprendizaje que sienta las bases para toda una vida de \u00e9xito.<\/p><p>Nos enorgullece contar con un cuerpo estudiantil culturalmente diverso, con ni\u00f1os de muchas nacionalidades diferentes de todo el mundo como parte de nuestra familia del Preescolar Chartwell. Esto crea un ambiente de aprendizaje rico e inclusivo donde todos los estudiantes se sienten valorados y apoyados.<\/p><p>\u00bfListos para ver la diferencia de Chartwell en acci\u00f3n? \u00a1Cont\u00e1ctenos hoy mismo para programar un recorrido o aprender m\u00e1s sobre nuestros programas y c\u00f3mo podemos ayudar a que su hijo\/a prospere!<\/p>\t\t\t\t\t\t\t\t<\/div>\n\t\t\t\t<\/div>\n\t\t\t\t<div class=\"elementor-element elementor-element-2b1f556 elementor-align-left elementor-widget elementor-widget-button\" data-id=\"2b1f556\" data-element_type=\"widget\" data-e-type=\"widget\" data-widget_type=\"button.default\">\n\t\t\t\t<div class=\"elementor-widget-container\">\n\t\t\t\t\t\t\t\t\t<div class=\"elementor-button-wrapper\">\n\t\t\t\t\t<a class=\"elementor-button elementor-button-link elementor-size-lg\" href=\"https:\/\/www.chartwell.cl\/es\/our-preschool-curriculum-the-learning-journey\/\">\n\t\t\t\t\t\t<span class=\"elementor-button-content-wrapper\">\n\t\t\t\t\t\t\t\t\t<span class=\"elementor-button-text\">SABER M\u00c1S SOBRE NUESTRO CURRICULO<\/span>\n\t\t\t\t\t<\/span>\n\t\t\t\t\t<\/a>\n\t\t\t\t<\/div>\n\t\t\t\t\t\t\t\t<\/div>\n\t\t\t\t<\/div>\n\t\t\t\t\t<\/div>\n\t\t<\/div>\n\t\t\t\t<div class=\"elementor-column elementor-col-50 elementor-top-column elementor-element elementor-element-38fbcde9\" data-id=\"38fbcde9\" data-element_type=\"column\" data-e-type=\"column\">\n\t\t\t<div class=\"elementor-widget-wrap elementor-element-populated\">\n\t\t\t\t\t\t<div class=\"elementor-element elementor-element-903d402 elementor-widget elementor-widget-template\" data-id=\"903d402\" data-element_type=\"widget\" data-e-type=\"widget\" data-widget_type=\"template.default\">\n\t\t\t\t<div class=\"elementor-widget-container\">\n\t\t\t\t\t\t\t<div class=\"elementor-template\">\n\t\t\t\t\t<div data-elementor-type=\"section\" data-elementor-id=\"2143\" class=\"elementor elementor-2143\" data-elementor-post-type=\"elementor_library\">\n\t\t\t\t\t<section class=\"elementor-section elementor-top-section elementor-element elementor-element-c827c19 elementor-section-boxed elementor-section-height-default elementor-section-height-default\" data-id=\"c827c19\" data-element_type=\"section\" data-e-type=\"section\">\n\t\t\t\t\t\t<div class=\"elementor-container elementor-column-gap-default\">\n\t\t\t\t\t<div class=\"elementor-column elementor-col-100 elementor-top-column elementor-element elementor-element-5bbfebd8\" data-id=\"5bbfebd8\" data-element_type=\"column\" data-e-type=\"column\">\n\t\t\t<div class=\"elementor-widget-wrap elementor-element-populated\">\n\t\t\t\t\t\t<div class=\"elementor-element elementor-element-2024a6f4 elementor-widget elementor-widget-heading\" data-id=\"2024a6f4\" data-element_type=\"widget\" data-e-type=\"widget\" data-widget_type=\"heading.default\">\n\t\t\t\t<div class=\"elementor-widget-container\">\n\t\t\t\t\t<h2 class=\"elementor-heading-title elementor-size-default\">\u00bfQuiere saber m\u00e1s sobre Chartwell International School?<\/h2>\t\t\t\t<\/div>\n\t\t\t\t<\/div>\n\t\t\t\t<div class=\"elementor-element elementor-element-3bf6e4b6 elementor-widget elementor-widget-text-editor\" data-id=\"3bf6e4b6\" data-element_type=\"widget\" data-e-type=\"widget\" data-widget_type=\"text-editor.default\">\n\t\t\t\t<div class=\"elementor-widget-container\">\n\t\t\t\t\t\t\t\t\t<p>\u00a1Gracias por su inter\u00e9s en la Escuela Internacional Chartwell! Estamos comprometidos en brindar una experiencia educativa de clase mundial para estudiantes de todo el mundo, y nos encantar\u00eda responder cualquier pregunta que tenga sobre nuestros programas, servicios o comunidad.<\/p><p>Para comunicarse con nosotros, no dude en llamarnos al <a href=\"tel:+56%209%209370%206365\"><span class=\"elementor-icon-list-text\">+56 9 9370 6365<\/span><\/a>\u00a0enviarnos un correo electr\u00f3nico a <a href=\"mailto:reception@chartwell.cl\">reception@chartwell.cl<\/a>, o visitarnos en nuestra direcci\u00f3n f\u00edsica. Nuestro personal amable y experto est\u00e1 disponible para ayudarlo con cualquier pregunta o inquietud que pueda tener, y nos dedicamos a brindar un excelente servicio y apoyo al cliente.<\/p><p>Gracias de nuevo por considerar a la Escuela Internacional Chartwell como el hogar educativo de su hijo\/a. Esperamos saber de usted y conocer m\u00e1s sobre c\u00f3mo podemos ayudar a que su hijo\/a prospere.<\/p>\t\t\t\t\t\t\t\t<\/div>\n\t\t\t\t<\/div>\n\t\t\t\t\t<\/div>\n\t\t<\/div>\n\t\t\t\t\t<\/div>\n\t\t<\/section>\n\t\t\t\t<\/div>\n\t\t\t\t<\/div>\n\t\t\t\t\t\t<\/div>\n\t\t\t\t<\/div>\n\t\t\t\t\t<\/div>\n\t\t<\/div>\n\t\t\t\t\t<\/div>\n\t\t<\/section>\n\t\t\t\t<section class=\"elementor-section elementor-top-section elementor-element elementor-element-7fbcbd1 elementor-section-boxed elementor-section-height-default elementor-section-height-default\" data-id=\"7fbcbd1\" data-element_type=\"section\" data-e-type=\"section\">\n\t\t\t\t\t\t<div class=\"elementor-container elementor-column-gap-default\">\n\t\t\t\t\t\t<\/div>\n\t\t<\/section>\n\t\t\t\t<section class=\"elementor-section elementor-top-section elementor-element elementor-element-2c9ce7d elementor-section-boxed elementor-section-height-default elementor-section-height-default\" data-id=\"2c9ce7d\" data-element_type=\"section\" data-e-type=\"section\">\n\t\t\t\t\t\t<div class=\"elementor-container elementor-column-gap-default\">\n\t\t\t\t\t<div class=\"elementor-column elementor-col-100 elementor-top-column elementor-element elementor-element-d63caa1\" data-id=\"d63caa1\" data-element_type=\"column\" data-e-type=\"column\">\n\t\t\t<div class=\"elementor-widget-wrap elementor-element-populated\">\n\t\t\t\t\t\t<div class=\"elementor-element elementor-element-6871212 elementor-widget elementor-widget-video\" data-id=\"6871212\" data-element_type=\"widget\" data-e-type=\"widget\" data-settings=\"{&quot;youtube_url&quot;:&quot;https:\\\/\\\/www.youtube.com\\\/watch?v=jvGJxuuKS7g&amp;ab_channel=ChartwellInternationalPreschoolChile&quot;,&quot;show_image_overlay&quot;:&quot;yes&quot;,&quot;image_overlay&quot;:{&quot;url&quot;:&quot;https:\\\/\\\/www.chartwell.cl\\\/es\\\/wp-content\\\/uploads\\\/2021\\\/01\\\/zgrada.jpg&quot;,&quot;id&quot;:13,&quot;size&quot;:&quot;&quot;},&quot;video_type&quot;:&quot;youtube&quot;}\" data-widget_type=\"video.default\">\n\t\t\t\t<div class=\"elementor-widget-container\">\n\t\t\t\t\t\t\t<div class=\"elementor-wrapper elementor-open-inline\">\n\t\t\t<div class=\"elementor-video\"><\/div>\t\t\t\t<div class=\"elementor-custom-embed-image-overlay\" style=\"background-image: url(https:\/\/www.chartwell.cl\/es\/wp-content\/uploads\/2021\/01\/zgrada-1024x512.jpg);\">\n\t\t\t\t\t\t\t\t\t\t\t\t\t\t\t\t<div class=\"elementor-custom-embed-play\" role=\"button\" aria-label=\"Play Video\" tabindex=\"0\">\n\t\t\t\t\t\t\t<i aria-hidden=\"true\" class=\"eicon-play\"><\/i>\t\t\t\t\t\t<\/div>\n\t\t\t\t\t\t\t\t\t<\/div>\n\t\t\t\t\t<\/div>\n\t\t\t\t\t\t<\/div>\n\t\t\t\t<\/div>\n\t\t\t\t\t<\/div>\n\t\t<\/div>\n\t\t\t\t\t<\/div>\n\t\t<\/section>\n\t\t\t\t<section class=\"elementor-section elementor-top-section elementor-element elementor-element-807e7b0 elementor-section-boxed elementor-section-height-default elementor-section-height-default\" data-id=\"807e7b0\" data-element_type=\"section\" data-e-type=\"section\">\n\t\t\t\t\t\t<div class=\"elementor-container elementor-column-gap-default\">\n\t\t\t\t\t<div class=\"elementor-column elementor-col-100 elementor-top-column elementor-element elementor-element-4dcc1ff\" data-id=\"4dcc1ff\" data-element_type=\"column\" data-e-type=\"column\">\n\t\t\t<div class=\"elementor-widget-wrap elementor-element-populated\">\n\t\t\t\t\t\t<div class=\"elementor-element elementor-element-397c4f7 elementor-widget elementor-widget-text-editor\" data-id=\"397c4f7\" data-element_type=\"widget\" data-e-type=\"widget\" data-widget_type=\"text-editor.default\">\n\t\t\t\t<div class=\"elementor-widget-container\">\n\t\t\t\t\t\t\t\t\t<p>En el Preescolar Chartwell, creemos que cada ni\u00f1o\/a es <span style=\"font-weight: 400;\">\u00fanico y valioso, con sus propios talentos, intereses y estilos de aprendizaje. Nuestro curr\u00edculo est\u00e1 cuidadosamente dise\u00f1ado para apoyar al ni\u00f1o\/a en su totalidad, con actividades que fomentan el crecimiento y desarrollo en siete \u00e1reas clave de aprendizaje y desarrollo.<\/span><\/p><p><span style=\"font-weight: 400;\">A trav\u00e9s de una variedad de actividades de aprendizaje pr\u00e1cticas y divertidas, su hijo\/a explorar\u00e1 temas que los ayudar\u00e1n a comprenderse a s\u00ed mismos, a sus compa\u00f1eros y al mundo que les rodea. Nuestros experimentados maestros y personal utilizan una observaci\u00f3n y evaluaci\u00f3n diligentes para ayudar a los ni\u00f1os\/as a progresar a trav\u00e9s de una serie de metas de aprendizaje temprano, sentando las bases para futuros \u00e9xitos acad\u00e9micos.<\/span><\/p><p><span style=\"font-weight: 400;\">Al proporcionar un ambiente de aprendizaje seguro, amoroso y atractivo, el Preescolar Chartwell ayuda a los ni\u00f1os\/as a establecer una base s\u00f3lida sobre la cual basar su futuro \u00e9xito escolar. Damos la bienvenida a los padres y sus hijos\/as a visitar nuestro campus, conocer a nuestros maestros y experimentar de primera mano la diferencia de Chartwell. Cont\u00e1ctenos hoy para programar un recorrido y obtener m\u00e1s informaci\u00f3n sobre nuestros programas y c\u00f3mo podemos ayudar a su hijo\/a a prosperar.<\/span><\/p>\t\t\t\t\t\t\t\t<\/div>\n\t\t\t\t<\/div>\n\t\t\t\t\t<\/div>\n\t\t<\/div>\n\t\t\t\t\t<\/div>\n\t\t<\/section>\n\t\t\t\t<section class=\"elementor-section elementor-top-section elementor-element elementor-element-a9e9f26 elementor-section-boxed elementor-section-height-default elementor-section-height-default\" data-id=\"a9e9f26\" data-element_type=\"section\" data-e-type=\"section\">\n\t\t\t\t\t\t<div class=\"elementor-container elementor-column-gap-default\">\n\t\t\t\t\t<div class=\"elementor-column elementor-col-100 elementor-top-column elementor-element elementor-element-85d0ea1\" data-id=\"85d0ea1\" data-element_type=\"column\" data-e-type=\"column\">\n\t\t\t<div class=\"elementor-widget-wrap elementor-element-populated\">\n\t\t\t\t\t\t<div class=\"elementor-element elementor-element-2773821 elementor-widget elementor-widget-text-editor\" data-id=\"2773821\" data-element_type=\"widget\" data-e-type=\"widget\" data-widget_type=\"text-editor.default\">\n\t\t\t\t<div class=\"elementor-widget-container\">\n\t\t\t\t\t\t\t\t\t<div class=\"row\"><section class=\"col-sm-12 page-content\"><div class=\"row\"><div class=\"col-sm-8\"><p>En el Preescolar Chartwell, creemos que cada ni\u00f1o\/a es un individuo \u00fanico y valioso, con sus propias fortalezas, habilidades e intereses. Nos comprometemos a proporcionar un ambiente de aprendizaje solidario e inclusivo que reconozca y celebre la individualidad de cada ni\u00f1o\/a.<\/p><p>A trav\u00e9s de relaciones positivas con los padres, los maestros y los compa\u00f1eros, buscamos crear una comunidad de aprendizaje donde cada ni\u00f1o\/a se sienta valorado\/a, respetado\/a y apoyado\/a. Reconocemos que los padres son los primeros educadores de los ni\u00f1os\/as y trabajamos en colaboraci\u00f3n con las familias para apoyar el desarrollo y crecimiento de cada ni\u00f1o\/a.<\/p><p>Nuestras aulas est\u00e1n dise\u00f1adas para ser entornos habilitantes que fomenten que los ni\u00f1os\/as exploren, aprendan y crezcan. Proporcionamos acceso a una amplia variedad de recursos y materiales, y consideramos que el espacio exterior es una extensi\u00f3n del aula interior, ofreciendo a\u00fan m\u00e1s oportunidades para la exploraci\u00f3n y el juego.<br \/>Creemos que el juego es un componente esencial del aprendizaje y desarrollo de los ni\u00f1os\/as. A trav\u00e9s del juego, los ni\u00f1os\/as comprenden el mundo que les rodea, desarrollan habilidades sociales y emocionales importantes, y crecen tanto f\u00edsica como intelectualmente.<\/p><p>En el Preescolar Chartwell, estamos comprometidos en proporcionar una experiencia educativa de alta calidad que apoye las necesidades y habilidades individuales de cada ni\u00f1o\/a. Cont\u00e1ctenos hoy para programar una visita y ver de primera mano c\u00f3mo podemos ayudar a su hijo\/a a prosperar.<\/p><\/div><\/div><\/section><\/div>\t\t\t\t\t\t\t\t<\/div>\n\t\t\t\t<\/div>\n\t\t\t\t\t<\/div>\n\t\t<\/div>\n\t\t\t\t\t<\/div>\n\t\t<\/section>\n\t\t\t\t<\/div>\n\t\t","protected":false},"excerpt":{"rendered":"<p>\u00a1BIENVENIDO! \u00a1Bienvenidos al Preescolar Chartwell! \u00a1Bienvenidos al Preescolar Chartwell! Como parte de la Escuela Internacional Chartwell, nos comprometemos a ofrecer un ambiente educativo seguro, cari\u00f1oso y atractivo para nuestros alumnos m\u00e1s j\u00f3venes. Nuestros experimentados maestros y personal trabajan incansablemente para crear un ambiente c\u00e1lido y acogedor donde su hijo\/a pueda crecer, aprender y jugar. En [&hellip;]<\/p>\n","protected":false},"author":1,"featured_media":0,"parent":0,"menu_order":0,"comment_status":"closed","ping_status":"closed","template":"","meta":{"footnotes":""},"class_list":["post-19","page","type-page","status-publish","hentry"],"_links":{"self":[{"href":"https:\/\/www.chartwell.cl\/es\/wp-json\/wp\/v2\/pages\/19","targetHints":{"allow":["GET"]}}],"collection":[{"href":"https:\/\/www.chartwell.cl\/es\/wp-json\/wp\/v2\/pages"}],"about":[{"href":"https:\/\/www.chartwell.cl\/es\/wp-json\/wp\/v2\/types\/page"}],"author":[{"embeddable":true,"href":"https:\/\/www.chartwell.cl\/es\/wp-json\/wp\/v2\/users\/1"}],"replies":[{"embeddable":true,"href":"https:\/\/www.chartwell.cl\/es\/wp-json\/wp\/v2\/comments?post=19"}],"version-history":[{"count":200,"href":"https:\/\/www.chartwell.cl\/es\/wp-json\/wp\/v2\/pages\/19\/revisions"}],"predecessor-version":[{"id":4326,"href":"https:\/\/www.chartwell.cl\/es\/wp-json\/wp\/v2\/pages\/19\/revisions\/4326"}],"wp:attachment":[{"href":"https:\/\/www.chartwell.cl\/es\/wp-json\/wp\/v2\/media?parent=19"}],"curies":[{"name":"wp","href":"https:\/\/api.w.org\/{rel}","templated":true}]}}