{"id":31,"date":"2021-01-16T22:43:01","date_gmt":"2021-01-16T22:43:01","guid":{"rendered":"http:\/\/chartwelldev.local\/?page_id=31"},"modified":"2023-05-21T11:12:52","modified_gmt":"2023-05-21T11:12:52","slug":"cambridge-recognition-worldwide","status":"publish","type":"page","link":"https:\/\/www.chartwell.cl\/es\/cambridge-recognition-worldwide\/","title":{"rendered":"Cambridge Recognition Worldwide"},"content":{"rendered":"\t\t<div data-elementor-type=\"wp-page\" data-elementor-id=\"31\" class=\"elementor elementor-31\" data-elementor-post-type=\"page\">\n\t\t\t\t\t\t<section class=\"elementor-section elementor-top-section elementor-element elementor-element-8a2a9b3 elementor-section-height-min-height elementor-section-items-bottom elementor-section-boxed elementor-section-height-default\" data-id=\"8a2a9b3\" data-element_type=\"section\" data-e-type=\"section\" data-settings=\"{&quot;background_background&quot;:&quot;classic&quot;}\">\n\t\t\t\t\t\t\t<div class=\"elementor-background-overlay\"><\/div>\n\t\t\t\t\t\t\t<div class=\"elementor-container elementor-column-gap-default\">\n\t\t\t\t\t<div class=\"elementor-column elementor-col-100 elementor-top-column elementor-element elementor-element-156a401\" data-id=\"156a401\" data-element_type=\"column\" data-e-type=\"column\">\n\t\t\t<div class=\"elementor-widget-wrap elementor-element-populated\">\n\t\t\t\t\t\t<div class=\"elementor-element elementor-element-39180c7 elementor-widget elementor-widget-template\" data-id=\"39180c7\" data-element_type=\"widget\" data-e-type=\"widget\" data-widget_type=\"template.default\">\n\t\t\t\t<div class=\"elementor-widget-container\">\n\t\t\t\t\t\t\t<div class=\"elementor-template\">\n\t\t\t\t\t<div data-elementor-type=\"section\" data-elementor-id=\"1903\" class=\"elementor elementor-1903\" data-elementor-post-type=\"elementor_library\">\n\t\t\t\t\t<section class=\"elementor-section elementor-top-section elementor-element elementor-element-374ca02b elementor-section-height-min-height elementor-section-items-bottom elementor-section-boxed elementor-section-height-default\" data-id=\"374ca02b\" data-element_type=\"section\" data-e-type=\"section\" data-settings=\"{&quot;background_background&quot;:&quot;classic&quot;}\">\n\t\t\t\t\t\t\t<div class=\"elementor-background-overlay\"><\/div>\n\t\t\t\t\t\t\t<div class=\"elementor-container elementor-column-gap-default\">\n\t\t\t\t\t<div class=\"elementor-column elementor-col-100 elementor-top-column elementor-element elementor-element-7392d918\" data-id=\"7392d918\" data-element_type=\"column\" data-e-type=\"column\">\n\t\t\t<div class=\"elementor-widget-wrap elementor-element-populated\">\n\t\t\t\t\t\t<div class=\"elementor-element elementor-element-1b44b79e elementor-widget elementor-widget-heading\" data-id=\"1b44b79e\" data-element_type=\"widget\" data-e-type=\"widget\" data-widget_type=\"heading.default\">\n\t\t\t\t<div class=\"elementor-widget-container\">\n\t\t\t\t\t<h2 class=\"elementor-heading-title elementor-size-default\">BIENVENIDOS A CHARTWELL INTERNATIONAL SCHOOL<\/h2>\t\t\t\t<\/div>\n\t\t\t\t<\/div>\n\t\t\t\t<div class=\"elementor-element elementor-element-1a816753 elementor-widget-divider--view-line elementor-widget elementor-widget-divider\" data-id=\"1a816753\" data-element_type=\"widget\" data-e-type=\"widget\" data-widget_type=\"divider.default\">\n\t\t\t\t<div class=\"elementor-widget-container\">\n\t\t\t\t\t\t\t<div class=\"elementor-divider\">\n\t\t\t<span class=\"elementor-divider-separator\">\n\t\t\t\t\t\t<\/span>\n\t\t<\/div>\n\t\t\t\t\t\t<\/div>\n\t\t\t\t<\/div>\n\t\t\t\t<section class=\"elementor-section elementor-inner-section elementor-element elementor-element-ca7c6e9 elementor-section-boxed elementor-section-height-default elementor-section-height-default\" data-id=\"ca7c6e9\" data-element_type=\"section\" data-e-type=\"section\">\n\t\t\t\t\t\t\t<div class=\"elementor-background-overlay\"><\/div>\n\t\t\t\t\t\t\t<div class=\"elementor-container elementor-column-gap-default\">\n\t\t\t\t\t<div class=\"elementor-column elementor-col-100 elementor-inner-column elementor-element elementor-element-3cbbec0a\" data-id=\"3cbbec0a\" data-element_type=\"column\" data-e-type=\"column\">\n\t\t\t<div class=\"elementor-widget-wrap elementor-element-populated\">\n\t\t\t\t\t\t<div class=\"elementor-element elementor-element-58cc83f6 elementor-nav-menu__align-center elementor-nav-menu--stretch elementor-nav-menu__text-align-center elementor-nav-menu--dropdown-tablet elementor-nav-menu--toggle elementor-nav-menu--burger elementor-widget elementor-widget-nav-menu\" data-id=\"58cc83f6\" data-element_type=\"widget\" data-e-type=\"widget\" data-settings=\"{&quot;full_width&quot;:&quot;stretch&quot;,&quot;layout&quot;:&quot;horizontal&quot;,&quot;submenu_icon&quot;:{&quot;value&quot;:&quot;&lt;i class=\\&quot;fas fa-caret-down\\&quot; aria-hidden=\\&quot;true\\&quot;&gt;&lt;\\\/i&gt;&quot;,&quot;library&quot;:&quot;fa-solid&quot;},&quot;toggle&quot;:&quot;burger&quot;}\" data-widget_type=\"nav-menu.default\">\n\t\t\t\t<div class=\"elementor-widget-container\">\n\t\t\t\t\t\t\t\t<nav aria-label=\"Menu\" class=\"elementor-nav-menu--main elementor-nav-menu__container elementor-nav-menu--layout-horizontal e--pointer-underline e--animation-fade\">\n\t\t\t\t<ul id=\"menu-1-58cc83f6\" class=\"elementor-nav-menu\"><li class=\"menu-item menu-item-type-post_type menu-item-object-page menu-item-1901\"><a href=\"https:\/\/www.chartwell.cl\/es\/why-cambridge-programme\/\" class=\"elementor-item\">\u00bfPor qu\u00e9 el programa de Cambridge?<\/a><\/li>\n<li class=\"menu-item menu-item-type-post_type menu-item-object-page menu-item-1902\"><a href=\"https:\/\/www.chartwell.cl\/es\/cambridge-recognition-worldwide\/\" class=\"elementor-item\">Reconocimiento mundial de Cambridge<\/a><\/li>\n<\/ul>\t\t\t<\/nav>\n\t\t\t\t\t<div class=\"elementor-menu-toggle\" role=\"button\" tabindex=\"0\" aria-label=\"Menu Toggle\" aria-expanded=\"false\">\n\t\t\t<i aria-hidden=\"true\" role=\"presentation\" class=\"elementor-menu-toggle__icon--open eicon-menu-bar\"><\/i><i aria-hidden=\"true\" role=\"presentation\" class=\"elementor-menu-toggle__icon--close eicon-close\"><\/i>\t\t<\/div>\n\t\t\t\t\t<nav class=\"elementor-nav-menu--dropdown elementor-nav-menu__container\" aria-hidden=\"true\">\n\t\t\t\t<ul id=\"menu-2-58cc83f6\" class=\"elementor-nav-menu\"><li class=\"menu-item menu-item-type-post_type menu-item-object-page menu-item-1901\"><a href=\"https:\/\/www.chartwell.cl\/es\/why-cambridge-programme\/\" class=\"elementor-item\" tabindex=\"-1\">\u00bfPor qu\u00e9 el programa de Cambridge?<\/a><\/li>\n<li class=\"menu-item menu-item-type-post_type menu-item-object-page menu-item-1902\"><a href=\"https:\/\/www.chartwell.cl\/es\/cambridge-recognition-worldwide\/\" class=\"elementor-item\" tabindex=\"-1\">Reconocimiento mundial de Cambridge<\/a><\/li>\n<\/ul>\t\t\t<\/nav>\n\t\t\t\t\t\t<\/div>\n\t\t\t\t<\/div>\n\t\t\t\t\t<\/div>\n\t\t<\/div>\n\t\t\t\t\t<\/div>\n\t\t<\/section>\n\t\t\t\t\t<\/div>\n\t\t<\/div>\n\t\t\t\t\t<\/div>\n\t\t<\/section>\n\t\t\t\t<\/div>\n\t\t\t\t<\/div>\n\t\t\t\t\t\t<\/div>\n\t\t\t\t<\/div>\n\t\t\t\t\t<\/div>\n\t\t<\/div>\n\t\t\t\t\t<\/div>\n\t\t<\/section>\n\t\t\t\t<section class=\"elementor-section elementor-top-section elementor-element elementor-element-390dee7b elementor-section-boxed elementor-section-height-default elementor-section-height-default\" data-id=\"390dee7b\" data-element_type=\"section\" data-e-type=\"section\">\n\t\t\t\t\t\t<div class=\"elementor-container elementor-column-gap-default\">\n\t\t\t\t\t<div class=\"elementor-column elementor-col-50 elementor-top-column elementor-element elementor-element-6de098d2\" data-id=\"6de098d2\" data-element_type=\"column\" data-e-type=\"column\">\n\t\t\t<div class=\"elementor-widget-wrap elementor-element-populated\">\n\t\t\t\t\t\t<div class=\"elementor-element elementor-element-2a3b0d4e elementor-widget elementor-widget-heading\" data-id=\"2a3b0d4e\" data-element_type=\"widget\" data-e-type=\"widget\" data-widget_type=\"heading.default\">\n\t\t\t\t<div class=\"elementor-widget-container\">\n\t\t\t\t\t<h2 class=\"elementor-heading-title elementor-size-default\">Reconocimiento Mundial de Cambridge<\/h2>\t\t\t\t<\/div>\n\t\t\t\t<\/div>\n\t\t\t\t<div class=\"elementor-element elementor-element-3d2becd8 elementor-widget-divider--view-line elementor-widget elementor-widget-divider\" data-id=\"3d2becd8\" data-element_type=\"widget\" data-e-type=\"widget\" data-widget_type=\"divider.default\">\n\t\t\t\t<div class=\"elementor-widget-container\">\n\t\t\t\t\t\t\t<div class=\"elementor-divider\">\n\t\t\t<span class=\"elementor-divider-separator\">\n\t\t\t\t\t\t<\/span>\n\t\t<\/div>\n\t\t\t\t\t\t<\/div>\n\t\t\t\t<\/div>\n\t\t\t\t<div class=\"elementor-element elementor-element-39676f70 elementor-widget elementor-widget-text-editor\" data-id=\"39676f70\" data-element_type=\"widget\" data-e-type=\"widget\" data-widget_type=\"text-editor.default\">\n\t\t\t\t<div class=\"elementor-widget-container\">\n\t\t\t\t\t\t\t\t\t<div class=\"row\"><section class=\"col-sm-12 page-content\"><p>En Chartwell International School, nos enorgullece seguir el prestigioso Cambridge Pathway, que conecta a nuestros estudiantes con una comunidad global de m\u00e1s de 10.000 escuelas en m\u00e1s de 160 pa\u00edses. Este camino fomenta una perspectiva global en nuestros estudiantes, prepar\u00e1ndolos para el \u00e9xito en el mundo moderno en constante cambio.<\/p><p>Nuestros estudiantes que logran el \u00e9xito en las calificaciones de Cambridge tienen acceso a las mejores universidades del mundo, incluidas las de EE. UU., Reino Unido, Australia, Canad\u00e1, Alemania y m\u00e1s all\u00e1. Estas calificaciones son altamente valoradas y aceptadas por universidades de todo el mundo, incluidas instituciones de renombre como MIT, Harvard y Cambridge.<\/p><p>Al estudiar el Cambridge Pathway, nuestros estudiantes desarrollan una variedad de habilidades altamente valoradas por universidades y empleadores. Estas habilidades incluyen investigaci\u00f3n independiente, pensamiento cr\u00edtico y conocimiento profundo de la materia, todas ellas esenciales para el \u00e9xito en la educaci\u00f3n superior y el mundo profesional.<\/p><p>En Chartwell International School, nos comprometemos a trabajar en estrecha colaboraci\u00f3n con las universidades para revisar nuestras calificaciones y asegurarnos de que nuestros estudiantes est\u00e9n preparados para tener \u00e9xito en sus carreras acad\u00e9micas y profesionales. Creemos que el Cambridge Pathway ofrece a nuestros estudiantes la mejor base posible para el aprendizaje y el \u00e9xito de por vida.<\/p><\/section><\/div>\t\t\t\t\t\t\t\t<\/div>\n\t\t\t\t<\/div>\n\t\t\t\t<div class=\"elementor-element elementor-element-4601f0bf elementor-align-left elementor-widget elementor-widget-button\" data-id=\"4601f0bf\" data-element_type=\"widget\" data-e-type=\"widget\" data-widget_type=\"button.default\">\n\t\t\t\t<div class=\"elementor-widget-container\">\n\t\t\t\t\t\t\t\t\t<div class=\"elementor-button-wrapper\">\n\t\t\t\t\t<a class=\"elementor-button elementor-button-link elementor-size-lg\" href=\"https:\/\/www.chartwell.cl\/es\/wp-content\/uploads\/2022\/08\/467908-recognition-brochure.pdf\" target=\"_blank\">\n\t\t\t\t\t\t<span class=\"elementor-button-content-wrapper\">\n\t\t\t\t\t\t\t\t\t<span class=\"elementor-button-text\">FOLLETO DE RECONOCIMIENTO DE CAMBRIDGE<\/span>\n\t\t\t\t\t<\/span>\n\t\t\t\t\t<\/a>\n\t\t\t\t<\/div>\n\t\t\t\t\t\t\t\t<\/div>\n\t\t\t\t<\/div>\n\t\t\t\t\t<\/div>\n\t\t<\/div>\n\t\t\t\t<div class=\"elementor-column elementor-col-50 elementor-top-column elementor-element elementor-element-71b08b8a\" data-id=\"71b08b8a\" data-element_type=\"column\" data-e-type=\"column\">\n\t\t\t<div class=\"elementor-widget-wrap elementor-element-populated\">\n\t\t\t\t\t\t<div class=\"elementor-element elementor-element-20e2189 elementor-widget elementor-widget-template\" data-id=\"20e2189\" data-element_type=\"widget\" data-e-type=\"widget\" data-widget_type=\"template.default\">\n\t\t\t\t<div class=\"elementor-widget-container\">\n\t\t\t\t\t\t\t<div class=\"elementor-template\">\n\t\t\t\t\t<div data-elementor-type=\"section\" data-elementor-id=\"2143\" class=\"elementor elementor-2143\" data-elementor-post-type=\"elementor_library\">\n\t\t\t\t\t<section class=\"elementor-section elementor-top-section elementor-element elementor-element-c827c19 elementor-section-boxed elementor-section-height-default elementor-section-height-default\" data-id=\"c827c19\" data-element_type=\"section\" data-e-type=\"section\">\n\t\t\t\t\t\t<div class=\"elementor-container elementor-column-gap-default\">\n\t\t\t\t\t<div class=\"elementor-column elementor-col-100 elementor-top-column elementor-element elementor-element-5bbfebd8\" data-id=\"5bbfebd8\" data-element_type=\"column\" data-e-type=\"column\">\n\t\t\t<div class=\"elementor-widget-wrap elementor-element-populated\">\n\t\t\t\t\t\t<div class=\"elementor-element elementor-element-2024a6f4 elementor-widget elementor-widget-heading\" data-id=\"2024a6f4\" data-element_type=\"widget\" data-e-type=\"widget\" data-widget_type=\"heading.default\">\n\t\t\t\t<div class=\"elementor-widget-container\">\n\t\t\t\t\t<h2 class=\"elementor-heading-title elementor-size-default\">\u00bfQuiere saber m\u00e1s sobre Chartwell International School?<\/h2>\t\t\t\t<\/div>\n\t\t\t\t<\/div>\n\t\t\t\t<div class=\"elementor-element elementor-element-3bf6e4b6 elementor-widget elementor-widget-text-editor\" data-id=\"3bf6e4b6\" data-element_type=\"widget\" data-e-type=\"widget\" data-widget_type=\"text-editor.default\">\n\t\t\t\t<div class=\"elementor-widget-container\">\n\t\t\t\t\t\t\t\t\t<p>\u00a1Gracias por su inter\u00e9s en la Escuela Internacional Chartwell! Estamos comprometidos en brindar una experiencia educativa de clase mundial para estudiantes de todo el mundo, y nos encantar\u00eda responder cualquier pregunta que tenga sobre nuestros programas, servicios o comunidad.<\/p><p>Para comunicarse con nosotros, no dude en llamarnos al <a href=\"tel:+56%209%209370%206365\"><span class=\"elementor-icon-list-text\">+56 9 9370 6365<\/span><\/a>\u00a0enviarnos un correo electr\u00f3nico a <a href=\"mailto:reception@chartwell.cl\">reception@chartwell.cl<\/a>, o visitarnos en nuestra direcci\u00f3n f\u00edsica. Nuestro personal amable y experto est\u00e1 disponible para ayudarlo con cualquier pregunta o inquietud que pueda tener, y nos dedicamos a brindar un excelente servicio y apoyo al cliente.<\/p><p>Gracias de nuevo por considerar a la Escuela Internacional Chartwell como el hogar educativo de su hijo\/a. Esperamos saber de usted y conocer m\u00e1s sobre c\u00f3mo podemos ayudar a que su hijo\/a prospere.<\/p>\t\t\t\t\t\t\t\t<\/div>\n\t\t\t\t<\/div>\n\t\t\t\t\t<\/div>\n\t\t<\/div>\n\t\t\t\t\t<\/div>\n\t\t<\/section>\n\t\t\t\t<\/div>\n\t\t\t\t<\/div>\n\t\t\t\t\t\t<\/div>\n\t\t\t\t<\/div>\n\t\t\t\t\t<\/div>\n\t\t<\/div>\n\t\t\t\t\t<\/div>\n\t\t<\/section>\n\t\t\t\t<\/div>\n\t\t","protected":false},"excerpt":{"rendered":"<p>Reconocimiento Mundial de Cambridge En Chartwell International School, nos enorgullece seguir el prestigioso Cambridge Pathway, que conecta a nuestros estudiantes con una comunidad global de m\u00e1s de 10.000 escuelas en m\u00e1s de 160 pa\u00edses. Este camino fomenta una perspectiva global en nuestros estudiantes, prepar\u00e1ndolos para el \u00e9xito en el mundo moderno en constante cambio. Nuestros [&hellip;]<\/p>\n","protected":false},"author":1,"featured_media":0,"parent":0,"menu_order":0,"comment_status":"closed","ping_status":"closed","template":"","meta":{"footnotes":""},"class_list":["post-31","page","type-page","status-publish","hentry"],"_links":{"self":[{"href":"https:\/\/www.chartwell.cl\/es\/wp-json\/wp\/v2\/pages\/31","targetHints":{"allow":["GET"]}}],"collection":[{"href":"https:\/\/www.chartwell.cl\/es\/wp-json\/wp\/v2\/pages"}],"about":[{"href":"https:\/\/www.chartwell.cl\/es\/wp-json\/wp\/v2\/types\/page"}],"author":[{"embeddable":true,"href":"https:\/\/www.chartwell.cl\/es\/wp-json\/wp\/v2\/users\/1"}],"replies":[{"embeddable":true,"href":"https:\/\/www.chartwell.cl\/es\/wp-json\/wp\/v2\/comments?post=31"}],"version-history":[{"count":44,"href":"https:\/\/www.chartwell.cl\/es\/wp-json\/wp\/v2\/pages\/31\/revisions"}],"predecessor-version":[{"id":4373,"href":"https:\/\/www.chartwell.cl\/es\/wp-json\/wp\/v2\/pages\/31\/revisions\/4373"}],"wp:attachment":[{"href":"https:\/\/www.chartwell.cl\/es\/wp-json\/wp\/v2\/media?parent=31"}],"curies":[{"name":"wp","href":"https:\/\/api.w.org\/{rel}","templated":true}]}}