{"id":33,"date":"2021-01-16T22:43:40","date_gmt":"2021-01-16T22:43:40","guid":{"rendered":"http:\/\/chartwelldev.local\/?page_id=33"},"modified":"2026-01-26T17:44:14","modified_gmt":"2026-01-26T17:44:14","slug":"chartwell-at-a-glance","status":"publish","type":"page","link":"https:\/\/www.chartwell.cl\/es\/chartwell-at-a-glance\/","title":{"rendered":"Chartwell at a Glance"},"content":{"rendered":"\t\t<div data-elementor-type=\"wp-page\" data-elementor-id=\"33\" class=\"elementor elementor-33\" data-elementor-post-type=\"page\">\n\t\t\t\t\t\t<section class=\"elementor-section elementor-top-section elementor-element elementor-element-94c8604 elementor-section-height-min-height elementor-section-items-bottom elementor-section-boxed elementor-section-height-default\" data-id=\"94c8604\" data-element_type=\"section\" data-e-type=\"section\" data-settings=\"{&quot;background_background&quot;:&quot;slideshow&quot;,&quot;background_slideshow_gallery&quot;:[{&quot;id&quot;:4279,&quot;url&quot;:&quot;https:\\\/\\\/www.chartwell.cl\\\/es\\\/wp-content\\\/uploads\\\/2026\\\/01\\\/WhatsApp-Image-2026-01-13-at-10.11.32.jpeg&quot;},{&quot;id&quot;:2920,&quot;url&quot;:&quot;https:\\\/\\\/www.chartwell.cl\\\/es\\\/wp-content\\\/uploads\\\/2023\\\/05\\\/building.jpeg&quot;},{&quot;id&quot;:1934,&quot;url&quot;:&quot;https:\\\/\\\/www.chartwell.cl\\\/es\\\/wp-content\\\/uploads\\\/2022\\\/06\\\/nova.jpeg&quot;},{&quot;id&quot;:1921,&quot;url&quot;:&quot;https:\\\/\\\/www.chartwell.cl\\\/es\\\/wp-content\\\/uploads\\\/2022\\\/06\\\/zgrada.jpeg&quot;},{&quot;id&quot;:1388,&quot;url&quot;:&quot;https:\\\/\\\/www.chartwell.cl\\\/es\\\/wp-content\\\/uploads\\\/2021\\\/02\\\/14p.jpg&quot;}],&quot;background_slideshow_loop&quot;:&quot;yes&quot;,&quot;background_slideshow_slide_duration&quot;:5000,&quot;background_slideshow_slide_transition&quot;:&quot;fade&quot;,&quot;background_slideshow_transition_duration&quot;:500}\">\n\t\t\t\t\t\t\t<div class=\"elementor-background-overlay\"><\/div>\n\t\t\t\t\t\t\t<div class=\"elementor-container elementor-column-gap-default\">\n\t\t\t\t\t<div class=\"elementor-column elementor-col-100 elementor-top-column elementor-element elementor-element-1fc12bf7\" data-id=\"1fc12bf7\" data-element_type=\"column\" data-e-type=\"column\">\n\t\t\t<div class=\"elementor-widget-wrap elementor-element-populated\">\n\t\t\t\t\t\t<div class=\"elementor-element elementor-element-ef710cb elementor-widget elementor-widget-heading\" data-id=\"ef710cb\" data-element_type=\"widget\" data-e-type=\"widget\" data-widget_type=\"heading.default\">\n\t\t\t\t<div class=\"elementor-widget-container\">\n\t\t\t\t\t<h2 class=\"elementor-heading-title elementor-size-default\">BIENVENIDOS A CHARTWELL INTERNATIONAL SCHOOL<\/h2>\t\t\t\t<\/div>\n\t\t\t\t<\/div>\n\t\t\t\t<div class=\"elementor-element elementor-element-790ae63d elementor-widget-divider--view-line elementor-widget elementor-widget-divider\" data-id=\"790ae63d\" data-element_type=\"widget\" data-e-type=\"widget\" data-widget_type=\"divider.default\">\n\t\t\t\t<div class=\"elementor-widget-container\">\n\t\t\t\t\t\t\t<div class=\"elementor-divider\">\n\t\t\t<span class=\"elementor-divider-separator\">\n\t\t\t\t\t\t<\/span>\n\t\t<\/div>\n\t\t\t\t\t\t<\/div>\n\t\t\t\t<\/div>\n\t\t\t\t<section class=\"elementor-section elementor-inner-section elementor-element elementor-element-458df9bc elementor-section-boxed elementor-section-height-default elementor-section-height-default\" data-id=\"458df9bc\" data-element_type=\"section\" data-e-type=\"section\">\n\t\t\t\t\t\t\t<div class=\"elementor-background-overlay\"><\/div>\n\t\t\t\t\t\t\t<div class=\"elementor-container elementor-column-gap-default\">\n\t\t\t\t\t<div class=\"elementor-column elementor-col-100 elementor-inner-column elementor-element elementor-element-5f82ffe7\" data-id=\"5f82ffe7\" data-element_type=\"column\" data-e-type=\"column\">\n\t\t\t<div class=\"elementor-widget-wrap elementor-element-populated\">\n\t\t\t\t\t\t<div class=\"elementor-element elementor-element-28218493 elementor-nav-menu__align-center elementor-nav-menu--stretch elementor-nav-menu__text-align-center elementor-nav-menu--dropdown-tablet elementor-nav-menu--toggle elementor-nav-menu--burger elementor-widget elementor-widget-nav-menu\" data-id=\"28218493\" data-element_type=\"widget\" data-e-type=\"widget\" data-settings=\"{&quot;full_width&quot;:&quot;stretch&quot;,&quot;layout&quot;:&quot;horizontal&quot;,&quot;submenu_icon&quot;:{&quot;value&quot;:&quot;&lt;i class=\\&quot;fas fa-caret-down\\&quot; aria-hidden=\\&quot;true\\&quot;&gt;&lt;\\\/i&gt;&quot;,&quot;library&quot;:&quot;fa-solid&quot;},&quot;toggle&quot;:&quot;burger&quot;}\" data-widget_type=\"nav-menu.default\">\n\t\t\t\t<div class=\"elementor-widget-container\">\n\t\t\t\t\t\t\t\t<nav aria-label=\"Menu\" class=\"elementor-nav-menu--main elementor-nav-menu__container elementor-nav-menu--layout-horizontal e--pointer-underline e--animation-fade\">\n\t\t\t\t<ul id=\"menu-1-28218493\" class=\"elementor-nav-menu\"><li class=\"menu-item menu-item-type-post_type menu-item-object-page menu-item-878\"><a href=\"https:\/\/www.chartwell.cl\/es\/about-us\/\" class=\"elementor-item\">Sobre nosotros<\/a><\/li>\n<li class=\"menu-item menu-item-type-post_type menu-item-object-page menu-item-2273\"><a href=\"https:\/\/www.chartwell.cl\/es\/chartwell-at-a-glance\/\" class=\"elementor-item\">Chartwell a simple vista<\/a><\/li>\n<li class=\"menu-item menu-item-type-post_type menu-item-object-page menu-item-880\"><a href=\"https:\/\/www.chartwell.cl\/es\/our-campus\/\" class=\"elementor-item\">Nuestro campus<\/a><\/li>\n<\/ul>\t\t\t<\/nav>\n\t\t\t\t\t<div class=\"elementor-menu-toggle\" role=\"button\" tabindex=\"0\" aria-label=\"Menu Toggle\" aria-expanded=\"false\">\n\t\t\t<i aria-hidden=\"true\" role=\"presentation\" class=\"elementor-menu-toggle__icon--open eicon-menu-bar\"><\/i><i aria-hidden=\"true\" role=\"presentation\" class=\"elementor-menu-toggle__icon--close eicon-close\"><\/i>\t\t<\/div>\n\t\t\t\t\t<nav class=\"elementor-nav-menu--dropdown elementor-nav-menu__container\" aria-hidden=\"true\">\n\t\t\t\t<ul id=\"menu-2-28218493\" class=\"elementor-nav-menu\"><li class=\"menu-item menu-item-type-post_type menu-item-object-page menu-item-878\"><a href=\"https:\/\/www.chartwell.cl\/es\/about-us\/\" class=\"elementor-item\" tabindex=\"-1\">Sobre nosotros<\/a><\/li>\n<li class=\"menu-item menu-item-type-post_type menu-item-object-page menu-item-2273\"><a href=\"https:\/\/www.chartwell.cl\/es\/chartwell-at-a-glance\/\" class=\"elementor-item\" tabindex=\"-1\">Chartwell a simple vista<\/a><\/li>\n<li class=\"menu-item menu-item-type-post_type menu-item-object-page menu-item-880\"><a href=\"https:\/\/www.chartwell.cl\/es\/our-campus\/\" class=\"elementor-item\" tabindex=\"-1\">Nuestro campus<\/a><\/li>\n<\/ul>\t\t\t<\/nav>\n\t\t\t\t\t\t<\/div>\n\t\t\t\t<\/div>\n\t\t\t\t\t<\/div>\n\t\t<\/div>\n\t\t\t\t\t<\/div>\n\t\t<\/section>\n\t\t\t\t\t<\/div>\n\t\t<\/div>\n\t\t\t\t\t<\/div>\n\t\t<\/section>\n\t\t\t\t<section class=\"elementor-section elementor-top-section elementor-element elementor-element-5326435d elementor-section-boxed elementor-section-height-default elementor-section-height-default\" data-id=\"5326435d\" data-element_type=\"section\" data-e-type=\"section\">\n\t\t\t\t\t\t<div class=\"elementor-container elementor-column-gap-default\">\n\t\t\t\t\t<div class=\"elementor-column elementor-col-50 elementor-top-column elementor-element elementor-element-3a1adcbb\" data-id=\"3a1adcbb\" data-element_type=\"column\" data-e-type=\"column\">\n\t\t\t<div class=\"elementor-widget-wrap elementor-element-populated\">\n\t\t\t\t\t\t<div class=\"elementor-element elementor-element-17c955e2 elementor-widget elementor-widget-heading\" data-id=\"17c955e2\" data-element_type=\"widget\" data-e-type=\"widget\" data-widget_type=\"heading.default\">\n\t\t\t\t<div class=\"elementor-widget-container\">\n\t\t\t\t\t<h2 class=\"elementor-heading-title elementor-size-default\">Chartwell International School:<\/h2>\t\t\t\t<\/div>\n\t\t\t\t<\/div>\n\t\t\t\t<div class=\"elementor-element elementor-element-6ac0e097 elementor-widget-divider--view-line elementor-widget elementor-widget-divider\" data-id=\"6ac0e097\" data-element_type=\"widget\" data-e-type=\"widget\" data-widget_type=\"divider.default\">\n\t\t\t\t<div class=\"elementor-widget-container\">\n\t\t\t\t\t\t\t<div class=\"elementor-divider\">\n\t\t\t<span class=\"elementor-divider-separator\">\n\t\t\t\t\t\t<\/span>\n\t\t<\/div>\n\t\t\t\t\t\t<\/div>\n\t\t\t\t<\/div>\n\t\t\t\t<div class=\"elementor-element elementor-element-31eb6d47 elementor-widget elementor-widget-text-editor\" data-id=\"31eb6d47\" data-element_type=\"widget\" data-e-type=\"widget\" data-widget_type=\"text-editor.default\">\n\t\t\t\t<div class=\"elementor-widget-container\">\n\t\t\t\t\t\t\t\t\t<p>Un Vistazo<\/p><ul><li style=\"font-weight: 400;\" aria-level=\"1\">Presencia internacional: Nuestra comunidad escolar es diversa e inclusiva, con m\u00e1s de 60 nacionalidades diferentes representadas entre nuestros estudiantes y personal.<\/li><li style=\"font-weight: 400;\" aria-level=\"1\">Enfoque personalizado: Mantenemos clases peque\u00f1as de hasta 15 ni\u00f1os por clase para asegurarnos de que cada ni\u00f1o reciba atenci\u00f3n y apoyo individualizado.<\/li><li style=\"font-weight: 400;\" aria-level=\"1\">Educaci\u00f3n continua: Desde preescolar hasta la universidad, proporcionamos una educaci\u00f3n integral y rigurosa que prepara a nuestros estudiantes para el \u00e9xito en la educaci\u00f3n superior y m\u00e1s all\u00e1.<\/li><li style=\"font-weight: 400;\" aria-level=\"1\">Ubicaciones de primer nivel: Nuestros campus se encuentran en entornos naturales impresionantes, brindando un ambiente de aprendizaje tranquilo e inspirador para nuestros estudiantes.<\/li><li style=\"font-weight: 400;\" aria-level=\"1\">Reconocido en todo el mundo: Nuestra escuela est\u00e1 certificada por Cambridge y COBIS, y nuestro plan de estudios brit\u00e1nico es altamente respetado y reconocido por universidades y empleadores de todo el mundo.<\/li><li style=\"font-weight: 400;\" aria-level=\"1\">Profesores de habla inglesa: Nuestros profesores experimentados y altamente calificados son en su mayor\u00eda hablantes nativos, brindando a nuestros estudiantes una experiencia de aprendizaje de idiomas rica e inmersiva.<\/li><li style=\"font-weight: 400;\" aria-level=\"1\">Clasificaci\u00f3n de &#8220;Clase Mundial&#8221; de la Reina Isabel II: Nuestra escuela ha sido clasificada como &#8220;Clase Mundial&#8221; por la Reina Isabel II, lo que es un testimonio de nuestro compromiso de proporcionar una educaci\u00f3n de clase mundial para nuestros estudiantes.<\/li><\/ul><p>En Chartwell International School, estamos dedicados a proporcionar a nuestros estudiantes una educaci\u00f3n excepcional que los prepare para el \u00e9xito en un mundo en constante cambio. Nuestra presencia internacional, enfoque personalizado, educaci\u00f3n continua, ubicaciones de primer nivel, plan de estudios reconocido, profesores de habla inglesa y clasificaci\u00f3n de &#8220;Clase Mundial&#8221; nos convierten en una elecci\u00f3n de primer nivel para las familias que buscan una educaci\u00f3n verdaderamente excepcional para sus hijos.<\/p>\t\t\t\t\t\t\t\t<\/div>\n\t\t\t\t<\/div>\n\t\t\t\t\t<\/div>\n\t\t<\/div>\n\t\t\t\t<div class=\"elementor-column elementor-col-50 elementor-top-column elementor-element elementor-element-70d239ae\" data-id=\"70d239ae\" data-element_type=\"column\" data-e-type=\"column\">\n\t\t\t<div class=\"elementor-widget-wrap elementor-element-populated\">\n\t\t\t\t\t\t<div class=\"elementor-element elementor-element-b598cf1 elementor-widget elementor-widget-template\" data-id=\"b598cf1\" data-element_type=\"widget\" data-e-type=\"widget\" data-widget_type=\"template.default\">\n\t\t\t\t<div class=\"elementor-widget-container\">\n\t\t\t\t\t\t\t<div class=\"elementor-template\">\n\t\t\t\t\t<div data-elementor-type=\"section\" data-elementor-id=\"2143\" class=\"elementor elementor-2143\" data-elementor-post-type=\"elementor_library\">\n\t\t\t\t\t<section class=\"elementor-section elementor-top-section elementor-element elementor-element-c827c19 elementor-section-boxed elementor-section-height-default elementor-section-height-default\" data-id=\"c827c19\" data-element_type=\"section\" data-e-type=\"section\">\n\t\t\t\t\t\t<div class=\"elementor-container elementor-column-gap-default\">\n\t\t\t\t\t<div class=\"elementor-column elementor-col-100 elementor-top-column elementor-element elementor-element-5bbfebd8\" data-id=\"5bbfebd8\" data-element_type=\"column\" data-e-type=\"column\">\n\t\t\t<div class=\"elementor-widget-wrap elementor-element-populated\">\n\t\t\t\t\t\t<div class=\"elementor-element elementor-element-2024a6f4 elementor-widget elementor-widget-heading\" data-id=\"2024a6f4\" data-element_type=\"widget\" data-e-type=\"widget\" data-widget_type=\"heading.default\">\n\t\t\t\t<div class=\"elementor-widget-container\">\n\t\t\t\t\t<h2 class=\"elementor-heading-title elementor-size-default\">\u00bfQuiere saber m\u00e1s sobre Chartwell International School?<\/h2>\t\t\t\t<\/div>\n\t\t\t\t<\/div>\n\t\t\t\t<div class=\"elementor-element elementor-element-3bf6e4b6 elementor-widget elementor-widget-text-editor\" data-id=\"3bf6e4b6\" data-element_type=\"widget\" data-e-type=\"widget\" data-widget_type=\"text-editor.default\">\n\t\t\t\t<div class=\"elementor-widget-container\">\n\t\t\t\t\t\t\t\t\t<p>\u00a1Gracias por su inter\u00e9s en la Escuela Internacional Chartwell! Estamos comprometidos en brindar una experiencia educativa de clase mundial para estudiantes de todo el mundo, y nos encantar\u00eda responder cualquier pregunta que tenga sobre nuestros programas, servicios o comunidad.<\/p><p>Para comunicarse con nosotros, no dude en llamarnos al <a href=\"tel:+56%209%209370%206365\"><span class=\"elementor-icon-list-text\">+56 9 9370 6365<\/span><\/a>\u00a0enviarnos un correo electr\u00f3nico a <a href=\"mailto:reception@chartwell.cl\">reception@chartwell.cl<\/a>, o visitarnos en nuestra direcci\u00f3n f\u00edsica. Nuestro personal amable y experto est\u00e1 disponible para ayudarlo con cualquier pregunta o inquietud que pueda tener, y nos dedicamos a brindar un excelente servicio y apoyo al cliente.<\/p><p>Gracias de nuevo por considerar a la Escuela Internacional Chartwell como el hogar educativo de su hijo\/a. Esperamos saber de usted y conocer m\u00e1s sobre c\u00f3mo podemos ayudar a que su hijo\/a prospere.<\/p>\t\t\t\t\t\t\t\t<\/div>\n\t\t\t\t<\/div>\n\t\t\t\t\t<\/div>\n\t\t<\/div>\n\t\t\t\t\t<\/div>\n\t\t<\/section>\n\t\t\t\t<\/div>\n\t\t\t\t<\/div>\n\t\t\t\t\t\t<\/div>\n\t\t\t\t<\/div>\n\t\t\t\t\t<\/div>\n\t\t<\/div>\n\t\t\t\t\t<\/div>\n\t\t<\/section>\n\t\t\t\t<\/div>\n\t\t","protected":false},"excerpt":{"rendered":"<p>BIENVENIDOS A CHARTWELL INTERNATIONAL SCHOOL Chartwell International School: Un Vistazo Presencia internacional: Nuestra comunidad escolar es diversa e inclusiva, con m\u00e1s de 60 nacionalidades diferentes representadas entre nuestros estudiantes y personal. Enfoque personalizado: Mantenemos clases peque\u00f1as de hasta 15 ni\u00f1os por clase para asegurarnos de que cada ni\u00f1o reciba atenci\u00f3n y apoyo individualizado. Educaci\u00f3n continua: [&hellip;]<\/p>\n","protected":false},"author":1,"featured_media":0,"parent":0,"menu_order":0,"comment_status":"closed","ping_status":"closed","template":"","meta":{"footnotes":""},"class_list":["post-33","page","type-page","status-publish","hentry"],"_links":{"self":[{"href":"https:\/\/www.chartwell.cl\/es\/wp-json\/wp\/v2\/pages\/33","targetHints":{"allow":["GET"]}}],"collection":[{"href":"https:\/\/www.chartwell.cl\/es\/wp-json\/wp\/v2\/pages"}],"about":[{"href":"https:\/\/www.chartwell.cl\/es\/wp-json\/wp\/v2\/types\/page"}],"author":[{"embeddable":true,"href":"https:\/\/www.chartwell.cl\/es\/wp-json\/wp\/v2\/users\/1"}],"replies":[{"embeddable":true,"href":"https:\/\/www.chartwell.cl\/es\/wp-json\/wp\/v2\/comments?post=33"}],"version-history":[{"count":41,"href":"https:\/\/www.chartwell.cl\/es\/wp-json\/wp\/v2\/pages\/33\/revisions"}],"predecessor-version":[{"id":4375,"href":"https:\/\/www.chartwell.cl\/es\/wp-json\/wp\/v2\/pages\/33\/revisions\/4375"}],"wp:attachment":[{"href":"https:\/\/www.chartwell.cl\/es\/wp-json\/wp\/v2\/media?parent=33"}],"curies":[{"name":"wp","href":"https:\/\/api.w.org\/{rel}","templated":true}]}}