{"id":59,"date":"2021-01-16T22:48:40","date_gmt":"2021-01-16T22:48:40","guid":{"rendered":"http:\/\/chartwelldev.local\/?page_id=59"},"modified":"2023-11-05T11:52:39","modified_gmt":"2023-11-05T11:52:39","slug":"primary-school-assessment","status":"publish","type":"page","link":"https:\/\/www.chartwell.cl\/es\/primary-school-assessment\/","title":{"rendered":"Primary School Assessment"},"content":{"rendered":"\t\t<div data-elementor-type=\"wp-page\" data-elementor-id=\"59\" class=\"elementor elementor-59\" data-elementor-post-type=\"page\">\n\t\t\t\t\t\t<section class=\"elementor-section elementor-top-section elementor-element elementor-element-7d82c765 elementor-section-height-min-height elementor-section-items-bottom elementor-section-boxed elementor-section-height-default\" data-id=\"7d82c765\" data-element_type=\"section\" data-e-type=\"section\" data-settings=\"{&quot;background_background&quot;:&quot;classic&quot;}\">\n\t\t\t\t\t\t\t<div class=\"elementor-background-overlay\"><\/div>\n\t\t\t\t\t\t\t<div class=\"elementor-container elementor-column-gap-default\">\n\t\t\t\t\t<div class=\"elementor-column elementor-col-100 elementor-top-column elementor-element elementor-element-5daa2eb5\" data-id=\"5daa2eb5\" data-element_type=\"column\" data-e-type=\"column\">\n\t\t\t<div class=\"elementor-widget-wrap elementor-element-populated\">\n\t\t\t\t\t\t<div class=\"elementor-element elementor-element-49425dee elementor-widget elementor-widget-heading\" data-id=\"49425dee\" data-element_type=\"widget\" data-e-type=\"widget\" data-widget_type=\"heading.default\">\n\t\t\t\t<div class=\"elementor-widget-container\">\n\t\t\t\t\t<h2 class=\"elementor-heading-title elementor-size-default\">\u00a1BIENVENIDO!<\/h2>\t\t\t\t<\/div>\n\t\t\t\t<\/div>\n\t\t\t\t<div class=\"elementor-element elementor-element-44fa142c elementor-widget-divider--view-line elementor-widget elementor-widget-divider\" data-id=\"44fa142c\" data-element_type=\"widget\" data-e-type=\"widget\" data-widget_type=\"divider.default\">\n\t\t\t\t<div class=\"elementor-widget-container\">\n\t\t\t\t\t\t\t<div class=\"elementor-divider\">\n\t\t\t<span class=\"elementor-divider-separator\">\n\t\t\t\t\t\t<\/span>\n\t\t<\/div>\n\t\t\t\t\t\t<\/div>\n\t\t\t\t<\/div>\n\t\t\t\t<section class=\"elementor-section elementor-inner-section elementor-element elementor-element-7eb285f5 elementor-section-boxed elementor-section-height-default elementor-section-height-default\" data-id=\"7eb285f5\" data-element_type=\"section\" data-e-type=\"section\">\n\t\t\t\t\t\t\t<div class=\"elementor-background-overlay\"><\/div>\n\t\t\t\t\t\t\t<div class=\"elementor-container elementor-column-gap-default\">\n\t\t\t\t\t<div class=\"elementor-column elementor-col-100 elementor-inner-column elementor-element elementor-element-250aeeda\" data-id=\"250aeeda\" data-element_type=\"column\" data-e-type=\"column\">\n\t\t\t<div class=\"elementor-widget-wrap elementor-element-populated\">\n\t\t\t\t\t\t<div class=\"elementor-element elementor-element-508a9947 elementor-nav-menu__align-center elementor-nav-menu--stretch elementor-nav-menu__text-align-center elementor-nav-menu--dropdown-tablet elementor-nav-menu--toggle elementor-nav-menu--burger elementor-widget elementor-widget-nav-menu\" data-id=\"508a9947\" data-element_type=\"widget\" data-e-type=\"widget\" data-settings=\"{&quot;full_width&quot;:&quot;stretch&quot;,&quot;layout&quot;:&quot;horizontal&quot;,&quot;submenu_icon&quot;:{&quot;value&quot;:&quot;&lt;i class=\\&quot;fas fa-caret-down\\&quot; aria-hidden=\\&quot;true\\&quot;&gt;&lt;\\\/i&gt;&quot;,&quot;library&quot;:&quot;fa-solid&quot;},&quot;toggle&quot;:&quot;burger&quot;}\" data-widget_type=\"nav-menu.default\">\n\t\t\t\t<div class=\"elementor-widget-container\">\n\t\t\t\t\t\t\t\t<nav aria-label=\"Menu\" class=\"elementor-nav-menu--main elementor-nav-menu__container elementor-nav-menu--layout-horizontal e--pointer-underline e--animation-fade\">\n\t\t\t\t<ul id=\"menu-1-508a9947\" class=\"elementor-nav-menu\"><li class=\"menu-item menu-item-type-post_type menu-item-object-page menu-item-644\"><a href=\"https:\/\/www.chartwell.cl\/es\/about-primary-school\/\" class=\"elementor-item\">Sobre la escuela primaria<\/a><\/li>\n<li class=\"menu-item menu-item-type-post_type menu-item-object-page menu-item-645\"><a href=\"https:\/\/www.chartwell.cl\/es\/our-primary-school-curriculum\/\" class=\"elementor-item\">Curr\u00edculo de la escuela primaria<\/a><\/li>\n<li class=\"menu-item menu-item-type-post_type menu-item-object-page menu-item-648\"><a href=\"https:\/\/www.chartwell.cl\/es\/primary-school-assessment\/\" class=\"elementor-item\">Evaluaci\u00f3n de la escuela primaria<\/a><\/li>\n<li class=\"menu-item menu-item-type-post_type menu-item-object-page menu-item-1877\"><a href=\"https:\/\/www.chartwell.cl\/es\/student-life\/\" class=\"elementor-item\">Vida estudiantil<\/a><\/li>\n<li class=\"menu-item menu-item-type-post_type menu-item-object-page menu-item-3423\"><a href=\"https:\/\/www.chartwell.cl\/es\/afterschool\/\" class=\"elementor-item\">Afterschool<\/a><\/li>\n<li class=\"menu-item menu-item-type-post_type menu-item-object-page menu-item-1878\"><a href=\"https:\/\/www.chartwell.cl\/es\/calendar\/\" class=\"elementor-item\">Calendario<\/a><\/li>\n<\/ul>\t\t\t<\/nav>\n\t\t\t\t\t<div class=\"elementor-menu-toggle\" role=\"button\" tabindex=\"0\" aria-label=\"Menu Toggle\" aria-expanded=\"false\">\n\t\t\t<i aria-hidden=\"true\" role=\"presentation\" class=\"elementor-menu-toggle__icon--open eicon-menu-bar\"><\/i><i aria-hidden=\"true\" role=\"presentation\" class=\"elementor-menu-toggle__icon--close eicon-close\"><\/i>\t\t<\/div>\n\t\t\t\t\t<nav class=\"elementor-nav-menu--dropdown elementor-nav-menu__container\" aria-hidden=\"true\">\n\t\t\t\t<ul id=\"menu-2-508a9947\" class=\"elementor-nav-menu\"><li class=\"menu-item menu-item-type-post_type menu-item-object-page menu-item-644\"><a href=\"https:\/\/www.chartwell.cl\/es\/about-primary-school\/\" class=\"elementor-item\" tabindex=\"-1\">Sobre la escuela primaria<\/a><\/li>\n<li class=\"menu-item menu-item-type-post_type menu-item-object-page menu-item-645\"><a href=\"https:\/\/www.chartwell.cl\/es\/our-primary-school-curriculum\/\" class=\"elementor-item\" tabindex=\"-1\">Curr\u00edculo de la escuela primaria<\/a><\/li>\n<li class=\"menu-item menu-item-type-post_type menu-item-object-page menu-item-648\"><a href=\"https:\/\/www.chartwell.cl\/es\/primary-school-assessment\/\" class=\"elementor-item\" tabindex=\"-1\">Evaluaci\u00f3n de la escuela primaria<\/a><\/li>\n<li class=\"menu-item menu-item-type-post_type menu-item-object-page menu-item-1877\"><a href=\"https:\/\/www.chartwell.cl\/es\/student-life\/\" class=\"elementor-item\" tabindex=\"-1\">Vida estudiantil<\/a><\/li>\n<li class=\"menu-item menu-item-type-post_type menu-item-object-page menu-item-3423\"><a href=\"https:\/\/www.chartwell.cl\/es\/afterschool\/\" class=\"elementor-item\" tabindex=\"-1\">Afterschool<\/a><\/li>\n<li class=\"menu-item menu-item-type-post_type menu-item-object-page menu-item-1878\"><a href=\"https:\/\/www.chartwell.cl\/es\/calendar\/\" class=\"elementor-item\" tabindex=\"-1\">Calendario<\/a><\/li>\n<\/ul>\t\t\t<\/nav>\n\t\t\t\t\t\t<\/div>\n\t\t\t\t<\/div>\n\t\t\t\t\t<\/div>\n\t\t<\/div>\n\t\t\t\t\t<\/div>\n\t\t<\/section>\n\t\t\t\t\t<\/div>\n\t\t<\/div>\n\t\t\t\t\t<\/div>\n\t\t<\/section>\n\t\t\t\t<section class=\"elementor-section elementor-top-section elementor-element elementor-element-3300ecd8 elementor-section-boxed elementor-section-height-default elementor-section-height-default\" data-id=\"3300ecd8\" data-element_type=\"section\" data-e-type=\"section\">\n\t\t\t\t\t\t<div class=\"elementor-container elementor-column-gap-default\">\n\t\t\t\t\t<div class=\"elementor-column elementor-col-50 elementor-top-column elementor-element elementor-element-5d14894b\" data-id=\"5d14894b\" data-element_type=\"column\" data-e-type=\"column\">\n\t\t\t<div class=\"elementor-widget-wrap elementor-element-populated\">\n\t\t\t\t\t\t<div class=\"elementor-element elementor-element-5d913f2e elementor-widget elementor-widget-heading\" data-id=\"5d913f2e\" data-element_type=\"widget\" data-e-type=\"widget\" data-widget_type=\"heading.default\">\n\t\t\t\t<div class=\"elementor-widget-container\">\n\t\t\t\t\t<h2 class=\"elementor-heading-title elementor-size-default\">Evaluaci\u00f3n de la Escuela Primaria<\/h2>\t\t\t\t<\/div>\n\t\t\t\t<\/div>\n\t\t\t\t<div class=\"elementor-element elementor-element-ad55e42 elementor-widget-divider--view-line elementor-widget elementor-widget-divider\" data-id=\"ad55e42\" data-element_type=\"widget\" data-e-type=\"widget\" data-widget_type=\"divider.default\">\n\t\t\t\t<div class=\"elementor-widget-container\">\n\t\t\t\t\t\t\t<div class=\"elementor-divider\">\n\t\t\t<span class=\"elementor-divider-separator\">\n\t\t\t\t\t\t<\/span>\n\t\t<\/div>\n\t\t\t\t\t\t<\/div>\n\t\t\t\t<\/div>\n\t\t\t\t<div class=\"elementor-element elementor-element-2cecdde9 elementor-widget elementor-widget-text-editor\" data-id=\"2cecdde9\" data-element_type=\"widget\" data-e-type=\"widget\" data-widget_type=\"text-editor.default\">\n\t\t\t\t<div class=\"elementor-widget-container\">\n\t\t\t\t\t\t\t\t\t<div class=\"row\"><section class=\"col-sm-12 page-content\"><p>En la Escuela Primaria Chartwell, utilizamos la estructura de evaluaci\u00f3n de Cambridge Primary para evaluar el desempe\u00f1o del alumno y reportar el progreso a los estudiantes y padres. La evaluaci\u00f3n de Cambridge Primary utiliza pruebas con referencias internacionales, brindando a los padres una fuente confiable y confiable de retroalimentaci\u00f3n sobre el progreso de su hijo.<\/p><p>La evaluaci\u00f3n cubre una amplia gama de materias, incluyendo Ingl\u00e9s, Matem\u00e1ticas y Ciencias, y est\u00e1 dise\u00f1ada para proporcionar una imagen integral de las fortalezas y \u00e1reas de desarrollo de cada estudiante. La evaluaci\u00f3n es adecuada para la edad y nos ayuda a identificar a los estudiantes que puedan necesitar apoyo adicional para alcanzar su m\u00e1ximo potencial.<\/p><p>Creemos que la evaluaci\u00f3n y retroalimentaci\u00f3n regular son parte esencial de una educaci\u00f3n de alta calidad. Nos ayuda a identificar \u00e1reas en las que podemos mejorar nuestros m\u00e9todos de ense\u00f1anza y curr\u00edculo, y ayuda a los estudiantes y padres a comprender su progreso y establecer metas para el aprendizaje futuro.<br \/>Al utilizar la evaluaci\u00f3n de Cambridge Primary con referencias internacionales, podemos brindar a nuestros estudiantes y padres un alto nivel de confianza en la retroalimentaci\u00f3n que reciben. Estamos comprometidos a proporcionar a nuestros estudiantes la mejor educaci\u00f3n posible y asegurarnos de que tengan las habilidades y conocimientos necesarios para tener \u00e9xito en sus estudios y carreras futuras.<\/p><\/section><\/div>\t\t\t\t\t\t\t\t<\/div>\n\t\t\t\t<\/div>\n\t\t\t\t\t<\/div>\n\t\t<\/div>\n\t\t\t\t<div class=\"elementor-column elementor-col-50 elementor-top-column elementor-element elementor-element-160796ed\" data-id=\"160796ed\" data-element_type=\"column\" data-e-type=\"column\">\n\t\t\t<div class=\"elementor-widget-wrap elementor-element-populated\">\n\t\t\t\t\t\t<div class=\"elementor-element elementor-element-7e36db7 elementor-widget elementor-widget-template\" data-id=\"7e36db7\" data-element_type=\"widget\" data-e-type=\"widget\" data-widget_type=\"template.default\">\n\t\t\t\t<div class=\"elementor-widget-container\">\n\t\t\t\t\t\t\t<div class=\"elementor-template\">\n\t\t\t\t\t<div data-elementor-type=\"section\" data-elementor-id=\"2143\" class=\"elementor elementor-2143\" data-elementor-post-type=\"elementor_library\">\n\t\t\t\t\t<section class=\"elementor-section elementor-top-section elementor-element elementor-element-c827c19 elementor-section-boxed elementor-section-height-default elementor-section-height-default\" data-id=\"c827c19\" data-element_type=\"section\" data-e-type=\"section\">\n\t\t\t\t\t\t<div class=\"elementor-container elementor-column-gap-default\">\n\t\t\t\t\t<div class=\"elementor-column elementor-col-100 elementor-top-column elementor-element elementor-element-5bbfebd8\" data-id=\"5bbfebd8\" data-element_type=\"column\" data-e-type=\"column\">\n\t\t\t<div class=\"elementor-widget-wrap elementor-element-populated\">\n\t\t\t\t\t\t<div class=\"elementor-element elementor-element-2024a6f4 elementor-widget elementor-widget-heading\" data-id=\"2024a6f4\" data-element_type=\"widget\" data-e-type=\"widget\" data-widget_type=\"heading.default\">\n\t\t\t\t<div class=\"elementor-widget-container\">\n\t\t\t\t\t<h2 class=\"elementor-heading-title elementor-size-default\">\u00bfQuiere saber m\u00e1s sobre Chartwell International School?<\/h2>\t\t\t\t<\/div>\n\t\t\t\t<\/div>\n\t\t\t\t<div class=\"elementor-element elementor-element-3bf6e4b6 elementor-widget elementor-widget-text-editor\" data-id=\"3bf6e4b6\" data-element_type=\"widget\" data-e-type=\"widget\" data-widget_type=\"text-editor.default\">\n\t\t\t\t<div class=\"elementor-widget-container\">\n\t\t\t\t\t\t\t\t\t<p>\u00a1Gracias por su inter\u00e9s en la Escuela Internacional Chartwell! Estamos comprometidos en brindar una experiencia educativa de clase mundial para estudiantes de todo el mundo, y nos encantar\u00eda responder cualquier pregunta que tenga sobre nuestros programas, servicios o comunidad.<\/p><p>Para comunicarse con nosotros, no dude en llamarnos al <a href=\"tel:+56%209%209370%206365\"><span class=\"elementor-icon-list-text\">+56 9 9370 6365<\/span><\/a>\u00a0enviarnos un correo electr\u00f3nico a <a href=\"mailto:reception@chartwell.cl\">reception@chartwell.cl<\/a>, o visitarnos en nuestra direcci\u00f3n f\u00edsica. Nuestro personal amable y experto est\u00e1 disponible para ayudarlo con cualquier pregunta o inquietud que pueda tener, y nos dedicamos a brindar un excelente servicio y apoyo al cliente.<\/p><p>Gracias de nuevo por considerar a la Escuela Internacional Chartwell como el hogar educativo de su hijo\/a. Esperamos saber de usted y conocer m\u00e1s sobre c\u00f3mo podemos ayudar a que su hijo\/a prospere.<\/p>\t\t\t\t\t\t\t\t<\/div>\n\t\t\t\t<\/div>\n\t\t\t\t\t<\/div>\n\t\t<\/div>\n\t\t\t\t\t<\/div>\n\t\t<\/section>\n\t\t\t\t<\/div>\n\t\t\t\t<\/div>\n\t\t\t\t\t\t<\/div>\n\t\t\t\t<\/div>\n\t\t\t\t\t<\/div>\n\t\t<\/div>\n\t\t\t\t\t<\/div>\n\t\t<\/section>\n\t\t\t\t<section class=\"elementor-section elementor-top-section elementor-element elementor-element-235ba1b elementor-section-boxed elementor-section-height-default elementor-section-height-default\" data-id=\"235ba1b\" data-element_type=\"section\" data-e-type=\"section\">\n\t\t\t\t\t\t<div class=\"elementor-container elementor-column-gap-default\">\n\t\t\t\t\t<div class=\"elementor-column elementor-col-100 elementor-top-column elementor-element elementor-element-771f42d\" data-id=\"771f42d\" data-element_type=\"column\" data-e-type=\"column\">\n\t\t\t<div class=\"elementor-widget-wrap elementor-element-populated\">\n\t\t\t\t\t\t<div class=\"elementor-element elementor-element-1c1a1b7 elementor-widget elementor-widget-heading\" data-id=\"1c1a1b7\" data-element_type=\"widget\" data-e-type=\"widget\" data-widget_type=\"heading.default\">\n\t\t\t\t<div class=\"elementor-widget-container\">\n\t\t\t\t\t<h2 class=\"elementor-heading-title elementor-size-default\">Evaluaci\u00f3n del progreso del alumno con las Pruebas de Progreso de Cambridge Primary<\/h2>\t\t\t\t<\/div>\n\t\t\t\t<\/div>\n\t\t\t\t<div class=\"elementor-element elementor-element-684f069e elementor-widget-divider--view-line elementor-widget elementor-widget-divider\" data-id=\"684f069e\" data-element_type=\"widget\" data-e-type=\"widget\" data-widget_type=\"divider.default\">\n\t\t\t\t<div class=\"elementor-widget-container\">\n\t\t\t\t\t\t\t<div class=\"elementor-divider\">\n\t\t\t<span class=\"elementor-divider-separator\">\n\t\t\t\t\t\t<\/span>\n\t\t<\/div>\n\t\t\t\t\t\t<\/div>\n\t\t\t\t<\/div>\n\t\t\t\t<div class=\"elementor-element elementor-element-923b5d5 elementor-widget elementor-widget-text-editor\" data-id=\"923b5d5\" data-element_type=\"widget\" data-e-type=\"widget\" data-widget_type=\"text-editor.default\">\n\t\t\t\t<div class=\"elementor-widget-container\">\n\t\t\t\t\t\t\t\t\t<p>En nuestra escuela, utilizamos las Pruebas de Progreso de Cambridge Primary para evaluar el conocimiento, habilidades y comprensi\u00f3n del alumno en ingl\u00e9s, matem\u00e1ticas y ciencias. Estas pruebas est\u00e1n dise\u00f1adas para proporcionar una evaluaci\u00f3n interna v\u00e1lida del aprendizaje y permiten a los maestros dar retroalimentaci\u00f3n estructurada a los alumnos y padres.<\/p><p><span style=\"font-weight: 400;\">Las pruebas se administran cada a\u00f1o y proporcionan informaci\u00f3n detallada sobre el rendimiento de cada alumno para las etapas 3, 4, 5 y 6. Permiten a los maestros comparar las fortalezas y debilidades de individuos y grupos, e identificar \u00e1reas donde se puede necesitar apoyo adicional.<\/span><\/p><p>Las pruebas son calificadas por los maestros de nuestra escuela y vienen con orientaci\u00f3n, est\u00e1ndares y esquemas de calificaci\u00f3n claros. Se pueden usar en cualquier momento durante el a\u00f1o, tantas veces como sea necesario, para garantizar que brindemos retroalimentaci\u00f3n y apoyo continuo a nuestros alumnos.<br \/>Creemos que la evaluaci\u00f3n y la retroalimentaci\u00f3n regulares son esenciales para garantizar que nuestros alumnos est\u00e9n progresando y alcanzando su m\u00e1ximo potencial. Al utilizar las Pruebas de Progreso de Cambridge Primary, podemos proporcionar retroalimentaci\u00f3n detallada y confiable a los alumnos y padres, e identificar \u00e1reas donde podemos mejorar nuestros m\u00e9todos de ense\u00f1anza y curr\u00edculo.<\/p><p><span style=\"font-weight: 400;\">Nuestro objetivo es proporcionar a nuestros alumnos la mejor educaci\u00f3n posible y asegurarnos de que tengan las habilidades y el conocimiento que necesitan para tener \u00e9xito en sus futuros estudios y carreras.<\/span><\/p>\t\t\t\t\t\t\t\t<\/div>\n\t\t\t\t<\/div>\n\t\t\t\t<div class=\"elementor-element elementor-element-47159c7a elementor-align-left elementor-widget elementor-widget-button\" data-id=\"47159c7a\" data-element_type=\"widget\" data-e-type=\"widget\" data-widget_type=\"button.default\">\n\t\t\t\t<div class=\"elementor-widget-container\">\n\t\t\t\t\t\t\t\t\t<div class=\"elementor-button-wrapper\">\n\t\t\t\t\t<a class=\"elementor-button elementor-button-link elementor-size-lg\" href=\"https:\/\/www.chartwell.cl\/es\/wp-content\/uploads\/2022\/08\/Chartwell-International-School_Progress-Report-Car.pdf\" target=\"_blank\">\n\t\t\t\t\t\t<span class=\"elementor-button-content-wrapper\">\n\t\t\t\t\t\t\t\t\t<span class=\"elementor-button-text\">TARJETA DE INFORME DE PROGRESO<\/span>\n\t\t\t\t\t<\/span>\n\t\t\t\t\t<\/a>\n\t\t\t\t<\/div>\n\t\t\t\t\t\t\t\t<\/div>\n\t\t\t\t<\/div>\n\t\t\t\t\t<\/div>\n\t\t<\/div>\n\t\t\t\t\t<\/div>\n\t\t<\/section>\n\t\t\t\t<\/div>\n\t\t","protected":false},"excerpt":{"rendered":"<p>\u00a1BIENVENIDO! Evaluaci\u00f3n de la Escuela Primaria En la Escuela Primaria Chartwell, utilizamos la estructura de evaluaci\u00f3n de Cambridge Primary para evaluar el desempe\u00f1o del alumno y reportar el progreso a los estudiantes y padres. La evaluaci\u00f3n de Cambridge Primary utiliza pruebas con referencias internacionales, brindando a los padres una fuente confiable y confiable de retroalimentaci\u00f3n [&hellip;]<\/p>\n","protected":false},"author":1,"featured_media":0,"parent":0,"menu_order":0,"comment_status":"closed","ping_status":"closed","template":"","meta":{"footnotes":""},"class_list":["post-59","page","type-page","status-publish","hentry"],"_links":{"self":[{"href":"https:\/\/www.chartwell.cl\/es\/wp-json\/wp\/v2\/pages\/59","targetHints":{"allow":["GET"]}}],"collection":[{"href":"https:\/\/www.chartwell.cl\/es\/wp-json\/wp\/v2\/pages"}],"about":[{"href":"https:\/\/www.chartwell.cl\/es\/wp-json\/wp\/v2\/types\/page"}],"author":[{"embeddable":true,"href":"https:\/\/www.chartwell.cl\/es\/wp-json\/wp\/v2\/users\/1"}],"replies":[{"embeddable":true,"href":"https:\/\/www.chartwell.cl\/es\/wp-json\/wp\/v2\/comments?post=59"}],"version-history":[{"count":40,"href":"https:\/\/www.chartwell.cl\/es\/wp-json\/wp\/v2\/pages\/59\/revisions"}],"predecessor-version":[{"id":4257,"href":"https:\/\/www.chartwell.cl\/es\/wp-json\/wp\/v2\/pages\/59\/revisions\/4257"}],"wp:attachment":[{"href":"https:\/\/www.chartwell.cl\/es\/wp-json\/wp\/v2\/media?parent=59"}],"curies":[{"name":"wp","href":"https:\/\/api.w.org\/{rel}","templated":true}]}}