{"id":67,"date":"2021-01-16T22:49:40","date_gmt":"2021-01-16T22:49:40","guid":{"rendered":"http:\/\/chartwelldev.local\/?page_id=67"},"modified":"2023-04-17T20:35:37","modified_gmt":"2023-04-17T20:35:37","slug":"student-life","status":"publish","type":"page","link":"https:\/\/www.chartwell.cl\/es\/student-life\/","title":{"rendered":"Student life"},"content":{"rendered":"\t\t<div data-elementor-type=\"wp-page\" data-elementor-id=\"67\" class=\"elementor elementor-67\" data-elementor-post-type=\"page\">\n\t\t\t\t\t\t<section class=\"elementor-section elementor-top-section elementor-element elementor-element-7f2c6204 elementor-section-boxed elementor-section-height-default elementor-section-height-default\" data-id=\"7f2c6204\" data-element_type=\"section\" data-e-type=\"section\">\n\t\t\t\t\t\t<div class=\"elementor-container elementor-column-gap-default\">\n\t\t\t\t\t<div class=\"elementor-column elementor-col-50 elementor-top-column elementor-element elementor-element-1d93db11\" data-id=\"1d93db11\" data-element_type=\"column\" data-e-type=\"column\">\n\t\t\t<div class=\"elementor-widget-wrap elementor-element-populated\">\n\t\t\t\t\t\t<div class=\"elementor-element elementor-element-5a8757cc elementor-widget elementor-widget-heading\" data-id=\"5a8757cc\" data-element_type=\"widget\" data-e-type=\"widget\" data-widget_type=\"heading.default\">\n\t\t\t\t<div class=\"elementor-widget-container\">\n\t\t\t\t\t<h2 class=\"elementor-heading-title elementor-size-default\">Servicios al estudiante<\/h2>\t\t\t\t<\/div>\n\t\t\t\t<\/div>\n\t\t\t\t<div class=\"elementor-element elementor-element-66f7f1ea elementor-widget-divider--view-line elementor-widget elementor-widget-divider\" data-id=\"66f7f1ea\" data-element_type=\"widget\" data-e-type=\"widget\" data-widget_type=\"divider.default\">\n\t\t\t\t<div class=\"elementor-widget-container\">\n\t\t\t\t\t\t\t<div class=\"elementor-divider\">\n\t\t\t<span class=\"elementor-divider-separator\">\n\t\t\t\t\t\t<\/span>\n\t\t<\/div>\n\t\t\t\t\t\t<\/div>\n\t\t\t\t<\/div>\n\t\t\t\t<div class=\"elementor-element elementor-element-8e58871 elementor-widget elementor-widget-heading\" data-id=\"8e58871\" data-element_type=\"widget\" data-e-type=\"widget\" data-widget_type=\"heading.default\">\n\t\t\t\t<div class=\"elementor-widget-container\">\n\t\t\t\t\t<h2 class=\"elementor-heading-title elementor-size-default\">Opciones de Catering en Nuestra Escuela<\/h2>\t\t\t\t<\/div>\n\t\t\t\t<\/div>\n\t\t\t\t<div class=\"elementor-element elementor-element-9a9d554 elementor-widget elementor-widget-text-editor\" data-id=\"9a9d554\" data-element_type=\"widget\" data-e-type=\"widget\" data-widget_type=\"text-editor.default\">\n\t\t\t\t<div class=\"elementor-widget-container\">\n\t\t\t\t\t\t\t\t\t<p>En nuestra escuela, ofrecemos a los estudiantes la opci\u00f3n de traer su propio almuerzo o pedir un almuerzo caliente con anticipaci\u00f3n. Nuestro programa de almuerzo caliente est\u00e1 dise\u00f1ado para proporcionar a los estudiantes comidas saludables y equilibradas que promuevan su bienestar general y su \u00e9xito acad\u00e9mico.<\/p><p><span style=\"font-weight: 400;\">Antes del comienzo de cada trimestre, se env\u00eda informaci\u00f3n sobre el programa de almuerzo caliente a los padres. Nuestro men\u00fa se centra en alimentos saludables y ofrece alternativas mejores a la comida r\u00e1pida y procesada que est\u00e1 tan ampliamente disponible en la actualidad. Nuestro objetivo es proporcionar a los estudiantes una dieta equilibrada y nutritiva para cada comida todos los d\u00edas de la semana.<\/span><\/p><p><span style=\"font-weight: 400;\">Animamos a nuestros estudiantes a comer almuerzos saludables y equilibrados que incluyan frutas o verduras. No permitimos chocolates, bebidas gaseosas, dulces o caramelos, ya que creemos que una dieta saludable es una parte importante del bienestar general de nuestros estudiantes.<\/span><\/p><p><span style=\"font-weight: 400;\">Nuestro men\u00fa de almuerzo caliente est\u00e1 dise\u00f1ado para ampliar los gustos de nuestros alumnos e introducirlos a nuevos y saludables alimentos. Animamos a nuestros estudiantes a probar todo lo que se sirve en sus platos y a tener una mente abierta para probar nuevos alimentos. A veces, los alimentos que pueden no parecer apetecibles (como el br\u00f3coli, los frijoles verdes o el aguacate) pueden resultar ser un nuevo sabor favorito cuando se preparan y se sirven con creatividad.<\/span><\/p><p><span style=\"font-weight: 400;\">Adem\u00e1s de nuestro almuerzo caliente, tambi\u00e9n ofrecemos dos meriendas saludables durante el d\u00eda. Creemos que al proporcionar opciones de comidas saludables y deliciosas, estamos preparando a nuestros estudiantes para el \u00e9xito en todas las \u00e1reas de sus vidas.<\/span><\/p>\t\t\t\t\t\t\t\t<\/div>\n\t\t\t\t<\/div>\n\t\t\t\t<div class=\"elementor-element elementor-element-30c6476a elementor-align-left elementor-widget elementor-widget-button\" data-id=\"30c6476a\" data-element_type=\"widget\" data-e-type=\"widget\" data-widget_type=\"button.default\">\n\t\t\t\t<div class=\"elementor-widget-container\">\n\t\t\t\t\t\t\t\t\t<div class=\"elementor-button-wrapper\">\n\t\t\t\t\t<a class=\"elementor-button elementor-button-link elementor-size-lg\" href=\"https:\/\/www.chartwell.cl\/es\/wp-content\/uploads\/2022\/08\/Menu_2019.pdf\" target=\"_blank\">\n\t\t\t\t\t\t<span class=\"elementor-button-content-wrapper\">\n\t\t\t\t\t\t\t\t\t<span class=\"elementor-button-text\">NUESTRO MEN\u00da DE ALMUERZO<\/span>\n\t\t\t\t\t<\/span>\n\t\t\t\t\t<\/a>\n\t\t\t\t<\/div>\n\t\t\t\t\t\t\t\t<\/div>\n\t\t\t\t<\/div>\n\t\t\t\t\t<\/div>\n\t\t<\/div>\n\t\t\t\t<div class=\"elementor-column elementor-col-50 elementor-top-column elementor-element elementor-element-6e004e44\" data-id=\"6e004e44\" data-element_type=\"column\" data-e-type=\"column\">\n\t\t\t<div class=\"elementor-widget-wrap elementor-element-populated\">\n\t\t\t\t\t\t<div class=\"elementor-element elementor-element-c7377c1 elementor-widget elementor-widget-template\" data-id=\"c7377c1\" data-element_type=\"widget\" data-e-type=\"widget\" data-widget_type=\"template.default\">\n\t\t\t\t<div class=\"elementor-widget-container\">\n\t\t\t\t\t\t\t<div class=\"elementor-template\">\n\t\t\t\t\t<div data-elementor-type=\"section\" data-elementor-id=\"2143\" class=\"elementor elementor-2143\" data-elementor-post-type=\"elementor_library\">\n\t\t\t\t\t<section class=\"elementor-section elementor-top-section elementor-element elementor-element-c827c19 elementor-section-boxed elementor-section-height-default elementor-section-height-default\" data-id=\"c827c19\" data-element_type=\"section\" data-e-type=\"section\">\n\t\t\t\t\t\t<div class=\"elementor-container elementor-column-gap-default\">\n\t\t\t\t\t<div class=\"elementor-column elementor-col-100 elementor-top-column elementor-element elementor-element-5bbfebd8\" data-id=\"5bbfebd8\" data-element_type=\"column\" data-e-type=\"column\">\n\t\t\t<div class=\"elementor-widget-wrap elementor-element-populated\">\n\t\t\t\t\t\t<div class=\"elementor-element elementor-element-2024a6f4 elementor-widget elementor-widget-heading\" data-id=\"2024a6f4\" data-element_type=\"widget\" data-e-type=\"widget\" data-widget_type=\"heading.default\">\n\t\t\t\t<div class=\"elementor-widget-container\">\n\t\t\t\t\t<h2 class=\"elementor-heading-title elementor-size-default\">\u00bfQuiere saber m\u00e1s sobre Chartwell International School?<\/h2>\t\t\t\t<\/div>\n\t\t\t\t<\/div>\n\t\t\t\t<div class=\"elementor-element elementor-element-3bf6e4b6 elementor-widget elementor-widget-text-editor\" data-id=\"3bf6e4b6\" data-element_type=\"widget\" data-e-type=\"widget\" data-widget_type=\"text-editor.default\">\n\t\t\t\t<div class=\"elementor-widget-container\">\n\t\t\t\t\t\t\t\t\t<p>\u00a1Gracias por su inter\u00e9s en la Escuela Internacional Chartwell! Estamos comprometidos en brindar una experiencia educativa de clase mundial para estudiantes de todo el mundo, y nos encantar\u00eda responder cualquier pregunta que tenga sobre nuestros programas, servicios o comunidad.<\/p><p>Para comunicarse con nosotros, no dude en llamarnos al <a href=\"tel:+56%209%209370%206365\"><span class=\"elementor-icon-list-text\">+56 9 9370 6365<\/span><\/a>\u00a0enviarnos un correo electr\u00f3nico a <a href=\"mailto:reception@chartwell.cl\">reception@chartwell.cl<\/a>, o visitarnos en nuestra direcci\u00f3n f\u00edsica. Nuestro personal amable y experto est\u00e1 disponible para ayudarlo con cualquier pregunta o inquietud que pueda tener, y nos dedicamos a brindar un excelente servicio y apoyo al cliente.<\/p><p>Gracias de nuevo por considerar a la Escuela Internacional Chartwell como el hogar educativo de su hijo\/a. Esperamos saber de usted y conocer m\u00e1s sobre c\u00f3mo podemos ayudar a que su hijo\/a prospere.<\/p>\t\t\t\t\t\t\t\t<\/div>\n\t\t\t\t<\/div>\n\t\t\t\t\t<\/div>\n\t\t<\/div>\n\t\t\t\t\t<\/div>\n\t\t<\/section>\n\t\t\t\t<\/div>\n\t\t\t\t<\/div>\n\t\t\t\t\t\t<\/div>\n\t\t\t\t<\/div>\n\t\t\t\t\t<\/div>\n\t\t<\/div>\n\t\t\t\t\t<\/div>\n\t\t<\/section>\n\t\t\t\t<section class=\"elementor-section elementor-top-section elementor-element elementor-element-5f782ecd elementor-section-boxed elementor-section-height-default elementor-section-height-default\" data-id=\"5f782ecd\" data-element_type=\"section\" data-e-type=\"section\">\n\t\t\t\t\t\t<div class=\"elementor-container elementor-column-gap-default\">\n\t\t\t\t\t\t<\/div>\n\t\t<\/section>\n\t\t\t\t<\/div>\n\t\t","protected":false},"excerpt":{"rendered":"<p>Servicios al estudiante Opciones de Catering en Nuestra Escuela En nuestra escuela, ofrecemos a los estudiantes la opci\u00f3n de traer su propio almuerzo o pedir un almuerzo caliente con anticipaci\u00f3n. Nuestro programa de almuerzo caliente est\u00e1 dise\u00f1ado para proporcionar a los estudiantes comidas saludables y equilibradas que promuevan su bienestar general y su \u00e9xito acad\u00e9mico. [&hellip;]<\/p>\n","protected":false},"author":1,"featured_media":0,"parent":0,"menu_order":0,"comment_status":"closed","ping_status":"closed","template":"","meta":{"footnotes":""},"class_list":["post-67","page","type-page","status-publish","hentry"],"_links":{"self":[{"href":"https:\/\/www.chartwell.cl\/es\/wp-json\/wp\/v2\/pages\/67","targetHints":{"allow":["GET"]}}],"collection":[{"href":"https:\/\/www.chartwell.cl\/es\/wp-json\/wp\/v2\/pages"}],"about":[{"href":"https:\/\/www.chartwell.cl\/es\/wp-json\/wp\/v2\/types\/page"}],"author":[{"embeddable":true,"href":"https:\/\/www.chartwell.cl\/es\/wp-json\/wp\/v2\/users\/1"}],"replies":[{"embeddable":true,"href":"https:\/\/www.chartwell.cl\/es\/wp-json\/wp\/v2\/comments?post=67"}],"version-history":[{"count":47,"href":"https:\/\/www.chartwell.cl\/es\/wp-json\/wp\/v2\/pages\/67\/revisions"}],"predecessor-version":[{"id":2812,"href":"https:\/\/www.chartwell.cl\/es\/wp-json\/wp\/v2\/pages\/67\/revisions\/2812"}],"wp:attachment":[{"href":"https:\/\/www.chartwell.cl\/es\/wp-json\/wp\/v2\/media?parent=67"}],"curies":[{"name":"wp","href":"https:\/\/api.w.org\/{rel}","templated":true}]}}